{"id":271796,"date":"2026-04-06T13:42:24","date_gmt":"2026-04-06T19:42:24","guid":{"rendered":"https:\/\/www.panorama-consulting.com\/?page_id=271796"},"modified":"2026-04-06T14:01:09","modified_gmt":"2026-04-06T20:01:09","slug":"informe-de-los-principales-10-sistemas-erp-habilitados-con-ia","status":"publish","type":"page","link":"https:\/\/www.panorama-consulting.com\/es\/informe-de-los-principales-10-sistemas-erp-habilitados-con-ia\/","title":{"rendered":"Informe de los Principales 10 Sistemas ERP Habilitados con IA del 2026"},"content":{"rendered":"<p>[et_pb_section fb_built=\u00bb1&#8243; _builder_version=\u00bb4.16&#8243; use_background_color_gradient=\u00bbon\u00bb background_color_gradient_type=\u00bbcircular\u00bb background_color_gradient_stops=\u00bb#2b87da 30%|#302bce 100%\u00bb background_color_gradient_start_position=\u00bb30%\u00bb background_color_gradient_end=\u00bb#302bce\u00bb width=\u00bb100%\u00bb locked=\u00bboff\u00bb global_colors_info=\u00bb{}\u00bb][et_pb_row _builder_version=\u00bb4.16&#8243; width=\u00bb100%\u00bb custom_margin=\u00bb||||false|false\u00bb custom_margin_tablet=\u00bb||-54px||false|false\u00bb custom_margin_phone=\u00bb||-54px||false|false\u00bb custom_margin_last_edited=\u00bbon|tablet\u00bb global_colors_info=\u00bb{}\u00bb][et_pb_column type=\u00bb4_4&#8243; _builder_version=\u00bb4.16&#8243; global_colors_info=\u00bb{}\u00bb][et_pb_text _builder_version=\u00bb4.27.5&#8243; header_text_color=\u00bb#ffffff\u00bb header_text_shadow_style=\u00bbpreset1&#8243; global_colors_info=\u00bb{}\u00bb]<\/p>\n<h1 style=\"text-align: center;\">Informe de los Principales 10 Sistemas ERP Habilitados con IA del 2026<\/h1>\n<p>[\/et_pb_text][\/et_pb_column][\/et_pb_row][\/et_pb_section][et_pb_section fb_built=\u00bb1&#8243; _builder_version=\u00bb4.16&#8243; background_color=\u00bb#ffffff\u00bb locked=\u00bboff\u00bb global_colors_info=\u00bb{}\u00bb][et_pb_row column_structure=\u00bb2_3,1_3&#8243; _builder_version=\u00bb4.16&#8243; background_size=\u00bbinitial\u00bb background_position=\u00bbtop_left\u00bb background_repeat=\u00bbrepeat\u00bb global_colors_info=\u00bb{}\u00bb][et_pb_column type=\u00bb2_3&#8243; _builder_version=\u00bb4.16&#8243; custom_padding=\u00bb|||\u00bb global_colors_info=\u00bb{}\u00bb custom_padding__hover=\u00bb|||\u00bb][et_pb_text _builder_version=\u00bb4.27.5&#8243; z_index_tablet=\u00bb500&#8243; text_text_shadow_horizontal_length_tablet=\u00bb0px\u00bb text_text_shadow_vertical_length_tablet=\u00bb0px\u00bb text_text_shadow_blur_strength_tablet=\u00bb1px\u00bb link_text_shadow_horizontal_length_tablet=\u00bb0px\u00bb link_text_shadow_vertical_length_tablet=\u00bb0px\u00bb link_text_shadow_blur_strength_tablet=\u00bb1px\u00bb ul_text_shadow_horizontal_length_tablet=\u00bb0px\u00bb ul_text_shadow_vertical_length_tablet=\u00bb0px\u00bb ul_text_shadow_blur_strength_tablet=\u00bb1px\u00bb ol_text_shadow_horizontal_length_tablet=\u00bb0px\u00bb ol_text_shadow_vertical_length_tablet=\u00bb0px\u00bb ol_text_shadow_blur_strength_tablet=\u00bb1px\u00bb quote_text_shadow_horizontal_length_tablet=\u00bb0px\u00bb quote_text_shadow_vertical_length_tablet=\u00bb0px\u00bb quote_text_shadow_blur_strength_tablet=\u00bb1px\u00bb header_text_shadow_horizontal_length_tablet=\u00bb0px\u00bb header_text_shadow_vertical_length_tablet=\u00bb0px\u00bb header_text_shadow_blur_strength_tablet=\u00bb1px\u00bb header_2_text_shadow_horizontal_length_tablet=\u00bb0px\u00bb header_2_text_shadow_vertical_length_tablet=\u00bb0px\u00bb header_2_text_shadow_blur_strength_tablet=\u00bb1px\u00bb header_3_text_shadow_horizontal_length_tablet=\u00bb0px\u00bb header_3_text_shadow_vertical_length_tablet=\u00bb0px\u00bb header_3_text_shadow_blur_strength_tablet=\u00bb1px\u00bb header_4_text_shadow_horizontal_length_tablet=\u00bb0px\u00bb header_4_text_shadow_vertical_length_tablet=\u00bb0px\u00bb header_4_text_shadow_blur_strength_tablet=\u00bb1px\u00bb header_5_text_shadow_horizontal_length_tablet=\u00bb0px\u00bb header_5_text_shadow_vertical_length_tablet=\u00bb0px\u00bb header_5_text_shadow_blur_strength_tablet=\u00bb1px\u00bb header_6_text_shadow_horizontal_length_tablet=\u00bb0px\u00bb header_6_text_shadow_vertical_length_tablet=\u00bb0px\u00bb header_6_text_shadow_blur_strength_tablet=\u00bb1px\u00bb box_shadow_horizontal_tablet=\u00bb0px\u00bb box_shadow_vertical_tablet=\u00bb0px\u00bb box_shadow_blur_tablet=\u00bb40px\u00bb box_shadow_spread_tablet=\u00bb0px\u00bb global_colors_info=\u00bb{}\u00bb]<\/p>\n<p>Los expertos de Panorama comparten sus perspectivas sobre los sistemas ERP y las plataformas de IA que est\u00e1n dando forma a la pr\u00f3xima fase de la evoluci\u00f3n del ERP.<\/p>\n<p>Si desea respaldar decisiones m\u00e1s informadas y una mejor visibilidad operativa, hemos delineado la tecnolog\u00eda y las mejores pr\u00e1cticas de selecci\u00f3n que debe considerar.<\/p>\n<p>[\/et_pb_text][et_pb_code _builder_version=\u00bb4.27.5&#8243; global_colors_info=\u00bb{}\u00bb]<script charset=\"utf-8\" type=\"text\/javascript\" src=\"\/\/js.hsforms.net\/forms\/embed\/v2.js\"><\/script><!-- [et_pb_line_break_holder] --><script><!-- [et_pb_line_break_holder] -->  hbspt.forms.create({<!-- [et_pb_line_break_holder] -->    portalId: \"4439340\",<!-- [et_pb_line_break_holder] -->    formId: \"fcb84a5f-5319-42fb-8c56-9262d7f6d444\",<!-- [et_pb_line_break_holder] -->    region: \"na1\"<!-- [et_pb_line_break_holder] -->  });<!-- [et_pb_line_break_holder] --><\/script>[\/et_pb_code][\/et_pb_column][et_pb_column type=\u00bb1_3&#8243; _builder_version=\u00bb4.16&#8243; custom_padding=\u00bb|||\u00bb global_colors_info=\u00bb{}\u00bb custom_padding__hover=\u00bb|||\u00bb][et_pb_image src=\u00bbhttps:\/\/www.panorama-consulting.com\/wp-content\/uploads\/2026\/04\/Principales-10-Sistemas-ERP-Habilitados-con-IA.png\u00bb alt=\u00bbPrincipales 10 Sistemas ERP Habilitados con IA\u00bb title_text=\u00bbPrincipales 10 Sistemas ERP Habilitados con IA\u00bb align_tablet=\u00bbcenter\u00bb align_phone=\u00bb\u00bb align_last_edited=\u00bbon|desktop\u00bb _builder_version=\u00bb4.27.5&#8243; z_index_tablet=\u00bb500&#8243; box_shadow_style=\u00bbpreset3&#8243; box_shadow_horizontal_tablet=\u00bb0px\u00bb box_shadow_vertical_tablet=\u00bb0px\u00bb box_shadow_blur_tablet=\u00bb40px\u00bb box_shadow_spread_tablet=\u00bb0px\u00bb global_colors_info=\u00bb{}\u00bb][\/et_pb_image][et_pb_code admin_label=\u00bbHide Footer\u00bb _builder_version=\u00bb4.16&#8243; saved_tabs=\u00bball\u00bb global_colors_info=\u00bb{}\u00bb]<\/p>\n<style><!-- [et_pb_line_break_holder] -->#main-footer{<!-- [et_pb_line_break_holder] -->display:none;<!-- [et_pb_line_break_holder] -->}<!-- [et_pb_line_break_holder] --><\/style>\n<p><!-- [et_pb_line_break_holder] -->[\/et_pb_code][\/et_pb_column][\/et_pb_row][\/et_pb_section]<\/p>\n","protected":false},"excerpt":{"rendered":"<p>Informe de los Principales 10 Sistemas ERP Habilitados con IA del 2026Los expertos de Panorama comparten sus perspectivas sobre los sistemas ERP y las plataformas de IA que est\u00e1n dando forma a la pr\u00f3xima fase de la evoluci\u00f3n del ERP. Si desea respaldar decisiones m\u00e1s informadas y una mejor visibilidad operativa, hemos delineado la tecnolog\u00eda [&hellip;]<\/p>\n","protected":false},"author":310,"featured_media":0,"parent":0,"menu_order":0,"comment_status":"closed","ping_status":"closed","template":"","meta":{"_acf_changed":false,"_et_pb_use_builder":"on","_et_pb_old_content":"","_et_gb_content_width":"","inline_featured_image":false,"footnotes":""},"class_list":["post-271796","page","type-page","status-publish","hentry"],"acf":[],"jetpack_sharing_enabled":true,"_links":{"self":[{"href":"https:\/\/www.panorama-consulting.com\/es\/wp-json\/wp\/v2\/pages\/271796","targetHints":{"allow":["GET"]}}],"collection":[{"href":"https:\/\/www.panorama-consulting.com\/es\/wp-json\/wp\/v2\/pages"}],"about":[{"href":"https:\/\/www.panorama-consulting.com\/es\/wp-json\/wp\/v2\/types\/page"}],"author":[{"embeddable":true,"href":"https:\/\/www.panorama-consulting.com\/es\/wp-json\/wp\/v2\/users\/310"}],"replies":[{"embeddable":true,"href":"https:\/\/www.panorama-consulting.com\/es\/wp-json\/wp\/v2\/comments?post=271796"}],"version-history":[{"count":7,"href":"https:\/\/www.panorama-consulting.com\/es\/wp-json\/wp\/v2\/pages\/271796\/revisions"}],"predecessor-version":[{"id":271814,"href":"https:\/\/www.panorama-consulting.com\/es\/wp-json\/wp\/v2\/pages\/271796\/revisions\/271814"}],"wp:attachment":[{"href":"https:\/\/www.panorama-consulting.com\/es\/wp-json\/wp\/v2\/media?parent=271796"}],"curies":[{"name":"wp","href":"https:\/\/api.w.org\/{rel}","templated":true}]}}