{"id":260694,"date":"2019-01-22T12:25:50","date_gmt":"2019-01-22T19:25:50","guid":{"rendered":"https:\/\/www.panorama-consulting.com\/erp-university\/"},"modified":"2023-08-29T16:12:14","modified_gmt":"2023-08-29T22:12:14","slug":"universidad-erp","status":"publish","type":"page","link":"https:\/\/www.panorama-consulting.com\/es\/universidad-erp\/","title":{"rendered":"La Universidad del ERP"},"content":{"rendered":"<p>[et_pb_section fb_built=\u00bb1&#8243; admin_label=\u00bbPage Header Blue\u00bb _builder_version=\u00bb4.18.0&#8243; _module_preset=\u00bbdefault\u00bb background_color=\u00bb#ffffff\u00bb width=\u00bb82%\u00bb module_alignment=\u00bbcenter\u00bb custom_margin=\u00bb15px||15px||true|false\u00bb custom_padding=\u00bb36px||36px||true|false\u00bb saved_tabs=\u00bball\u00bb locked=\u00bboff\u00bb collapsed=\u00bboff\u00bb global_colors_info=\u00bb{}\u00bb][et_pb_row module_class=\u00bb et_pb_row_fullwidth et_pb_row_fullwidth et_pb_row_fullwidth et_pb_row_fullwidth et_pb_row_fullwidth et_pb_row_fullwidth et_pb_row_fullwidth et_pb_row_fullwidth et_pb_row_fullwidth et_pb_row_fullwidth et_pb_row_fullwidth et_pb_row_fullwidth et_pb_row_fullwidth et_pb_row_fullwidth et_pb_row_fullwidth et_pb_row_fullwidth et_pb_row_fullwidth et_pb_row_fullwidth et_pb_row_fullwidth et_pb_row_fullwidth et_pb_row_fullwidth et_pb_row_fullwidth et_pb_row_fullwidth et_pb_row_fullwidth et_pb_row_fullwidth et_pb_row_fullwidth et_pb_row_fullwidth et_pb_row_fullwidth et_pb_row_fullwidth et_pb_row_fullwidth et_pb_row_fullwidth et_pb_row_fullwidth et_pb_row_fullwidth et_pb_row_fullwidth et_pb_row_fullwidth et_pb_row_fullwidth et_pb_row_fullwidth et_pb_row_fullwidth et_pb_row_fullwidth et_pb_row_fullwidth et_pb_row_fullwidth et_pb_row_fullwidth et_pb_row_fullwidth et_pb_row_fullwidth et_pb_row_fullwidth et_pb_row_fullwidth et_pb_row_fullwidth et_pb_row_fullwidth et_pb_row_fullwidth et_pb_row_fullwidth et_pb_row_fullwidth et_pb_row_fullwidth et_pb_row_fullwidth et_pb_row_fullwidth et_pb_row_fullwidth\u00bb _builder_version=\u00bb4.18.0&#8243; background_size=\u00bbinitial\u00bb background_position=\u00bbtop_left\u00bb background_repeat=\u00bbrepeat\u00bb width=\u00bb89%\u00bb width_tablet=\u00bb80%\u00bb width_phone=\u00bb\u00bb width_last_edited=\u00bbon|desktop\u00bb max_width=\u00bb89%\u00bb max_width_tablet=\u00bb80%\u00bb max_width_phone=\u00bb\u00bb max_width_last_edited=\u00bbon|desktop\u00bb custom_margin=\u00bb0px||0px||true\u00bb custom_padding=\u00bb0px|20px|0px|20px|true|true\u00bb make_fullwidth=\u00bbon\u00bb global_colors_info=\u00bb{}\u00bb][et_pb_column type=\u00bb4_4&#8243; _builder_version=\u00bb4.16&#8243; custom_padding=\u00bb|||\u00bb global_colors_info=\u00bb{}\u00bb custom_padding__hover=\u00bb|||\u00bb][et_pb_post_title meta=\u00bboff\u00bb featured_image=\u00bboff\u00bb admin_label=\u00bbPost Title\u00bb _builder_version=\u00bb4.18.0&#8243; _module_preset=\u00bbdefault\u00bb title_font=\u00bb|300|||||||\u00bb title_text_align=\u00bbcenter\u00bb title_line_height=\u00bb1.3em\u00bb global_colors_info=\u00bb{}\u00bb][\/et_pb_post_title][\/et_pb_column][\/et_pb_row][\/et_pb_section][et_pb_section fb_built=\u00bb1&#8243; admin_label=\u00bbPage Header Blue\u00bb _builder_version=\u00bb4.16&#8243; use_background_color_gradient=\u00bbon\u00bb background_color_gradient_stops=\u00bb#434343 0%|#222222 100%\u00bb background_color_gradient_start=\u00bb#434343&#8243; background_color_gradient_end=\u00bb#222222&#8243; background_image=\u00bbhttps:\/\/www.panorama-consulting.com\/storage\/bootcamp-upper-banner.jpg\u00bb custom_margin=\u00bb|||\u00bb custom_padding=\u00bb42.8375px|0px|42.8375px|0|false|false\u00bb saved_tabs=\u00bball\u00bb global_colors_info=\u00bb{}\u00bb][et_pb_row _builder_version=\u00bb4.16&#8243; custom_margin=\u00bb0px||0px||true\u00bb custom_padding=\u00bb0px|20px|0px|20px|true|true\u00bb global_colors_info=\u00bb{}\u00bb][et_pb_column type=\u00bb4_4&#8243; _builder_version=\u00bb4.16&#8243; custom_padding=\u00bb|||\u00bb global_colors_info=\u00bb{}\u00bb custom_padding__hover=\u00bb|||\u00bb][et_pb_text _builder_version=\u00bb4.22.0&#8243; text_font=\u00bbOpen Sans||||||||\u00bb text_font_size=\u00bb16px\u00bb text_line_height=\u00bb24px\u00bb header_2_font=\u00bbOpen Sans|300|||||||\u00bb header_2_text_align=\u00bbcenter\u00bb header_2_font_size=\u00bb40px\u00bb header_2_line_height=\u00bb48px\u00bb text_orientation=\u00bbcenter\u00bb background_layout=\u00bbdark\u00bb custom_padding=\u00bb|20px||20px||true\u00bb hover_enabled=\u00bb0&#8243; global_colors_info=\u00bb{}\u00bb sticky_enabled=\u00bb0&#8243;]<\/p>\n<h2 style=\"text-align: center;\">Capacite a sus Equipos de Trabajo y Transforme su Organizaci\u00f3n con Nuestros Entrenamientos en Transformaci\u00f3n de Negocios<\/h2>\n<p style=\"text-align: center;\">Use nuestros expertos en sus instalaciones para una capacitaci\u00f3n intensiva. El ERP University es nuestro programa de entrenamiento personalizado que viene a Uds.<\/p>\n<p>[\/et_pb_text][et_pb_code _builder_version=\u00bb4.16&#8243; global_colors_info=\u00bb{}\u00bb]<\/p>\n<style>.single-post .single-post-image { display: none; }<\/style>\n<p>[\/et_pb_code][\/et_pb_column][\/et_pb_row][\/et_pb_section][et_pb_section fb_built=\u00bb1&#8243; _builder_version=\u00bb4.16&#8243; custom_padding=\u00bb54px|0px|0|0px|false|false\u00bb global_colors_info=\u00bb{}\u00bb][et_pb_row module_class=\u00bb et_pb_row_fullwidth\u00bb _builder_version=\u00bb4.21.0&#8243; background_size=\u00bbinitial\u00bb background_position=\u00bbtop_left\u00bb background_repeat=\u00bbrepeat\u00bb width=\u00bb89%\u00bb width_tablet=\u00bb80%\u00bb width_phone=\u00bb\u00bb width_last_edited=\u00bbon|desktop\u00bb max_width=\u00bb89%\u00bb max_width_tablet=\u00bb80%\u00bb max_width_phone=\u00bb\u00bb max_width_last_edited=\u00bbon|desktop\u00bb custom_padding=\u00bb27px|0px||0px|false|false\u00bb make_fullwidth=\u00bbon\u00bb global_colors_info=\u00bb{}\u00bb][et_pb_column type=\u00bb4_4&#8243; _builder_version=\u00bb4.16&#8243; custom_padding=\u00bb|||\u00bb global_colors_info=\u00bb{}\u00bb custom_padding__hover=\u00bb|||\u00bb][et_pb_text _builder_version=\u00bb4.22.0&#8243; text_font=\u00bbOpen Sans|300|||||||\u00bb header_2_font=\u00bb|300|||||||\u00bb header_2_font_size=\u00bb42px\u00bb hover_enabled=\u00bb0&#8243; global_colors_info=\u00bb{}\u00bb sticky_enabled=\u00bb0&#8243;]<\/p>\n<h2 style=\"text-align: center;\">Plan de estudios personalizado<\/h2>\n<p>&nbsp;<\/p>\n<p>Personalizamos nuestro plan de estudios seg\u00fan su industria y procesos espec\u00edficos. Podemos brindar estos servicios de capacitaci\u00f3n en sistemas ERP o en transformaci\u00f3n empresarial en un plazo de un d\u00eda a tres d\u00edas. Nos enfocamos en temas como:<\/p>\n<p>&nbsp;<\/p>\n<p>[\/et_pb_text][\/et_pb_column][\/et_pb_row][et_pb_row column_structure=\u00bb1_2,1_2&#8243; _builder_version=\u00bb4.21.0&#8243; _module_preset=\u00bbdefault\u00bb global_colors_info=\u00bb{}\u00bb][et_pb_column type=\u00bb1_2&#8243; _builder_version=\u00bb4.21.0&#8243; _module_preset=\u00bbdefault\u00bb global_colors_info=\u00bb{}\u00bb][et_pb_text _builder_version=\u00bb4.21.0&#8243; _module_preset=\u00bbdefault\u00bb hover_enabled=\u00bb0&#8243; global_colors_info=\u00bb{}\u00bb sticky_enabled=\u00bb0&#8243;]<\/p>\n<ul>\n<li>Selecci\u00f3n de ERP:\n<ul>\n<li><em>Tendencias de ERP<\/em><\/li>\n<li><em>Experiencia de usuario<\/em><\/li>\n<li><em>Herramientas tecnol\u00f3gicas<\/em><\/li>\n<\/ul>\n<\/li>\n<li>Implementaci\u00f3n de ERP\n<ul>\n<li><em>Gesti\u00f3n de datos maestros<\/em><\/li>\n<li><em>Gesti\u00f3n efectiva de proyectos<br \/><\/em><\/li>\n<li><em>Comprender el alcance del trabajo<br \/><\/em><\/li>\n<\/ul>\n<\/li>\n<\/ul>\n<p>[\/et_pb_text][\/et_pb_column][et_pb_column type=\u00bb1_2&#8243; _builder_version=\u00bb4.21.0&#8243; _module_preset=\u00bbdefault\u00bb global_colors_info=\u00bb{}\u00bb][et_pb_text _builder_version=\u00bb4.22.0&#8243; _module_preset=\u00bbdefault\u00bb hover_enabled=\u00bb0&#8243; global_colors_info=\u00bb{}\u00bb sticky_enabled=\u00bb0&#8243;]<\/p>\n<ul>\n<li>Gesti\u00f3n del cambio organizacional\n<ul>\n<li><em>Identificaci\u00f3n de estrategia de gesti\u00f3n del cambio<\/em><\/li>\n<li><em>Desaf\u00edos que no pueden ignorar<\/em><\/li>\n<li><em>Consejos para ser un buen patrocinador y entrenador<\/em><\/li>\n<\/ul>\n<\/li>\n<li>Dise\u00f1o y alineaci\u00f3n empresarial\n<ul>\n<li><em>\u00bfQu\u00e9 es la gesti\u00f3n de procesos empresariales (BPM)?<\/em><\/li>\n<li><em>C\u00f3mo estructurar un marco de BPM de arriba hacia abajo.<\/em><\/li>\n<\/ul>\n<\/li>\n<\/ul>\n<p>[\/et_pb_text][\/et_pb_column][\/et_pb_row][\/et_pb_section]<\/p>\n","protected":false},"excerpt":{"rendered":"<p>Capacite a sus Equipos de Trabajo y Transforme su Organizaci\u00f3n con Nuestros Entrenamientos en Transformaci\u00f3n de Negocios Use nuestros expertos en sus instalaciones para una capacitaci\u00f3n intensiva. El ERP University es nuestro programa de entrenamiento personalizado que viene a Uds.Plan de estudios personalizado &nbsp; Personalizamos nuestro plan de estudios seg\u00fan su industria y procesos espec\u00edficos. [&hellip;]<\/p>\n","protected":false},"author":310,"featured_media":258198,"parent":0,"menu_order":0,"comment_status":"closed","ping_status":"closed","template":"","meta":{"_acf_changed":false,"_et_pb_use_builder":"on","_et_pb_old_content":"","_et_gb_content_width":"","inline_featured_image":false,"footnotes":""},"class_list":["post-260694","page","type-page","status-publish","has-post-thumbnail","hentry"],"acf":[],"jetpack_sharing_enabled":true,"_links":{"self":[{"href":"https:\/\/www.panorama-consulting.com\/es\/wp-json\/wp\/v2\/pages\/260694","targetHints":{"allow":["GET"]}}],"collection":[{"href":"https:\/\/www.panorama-consulting.com\/es\/wp-json\/wp\/v2\/pages"}],"about":[{"href":"https:\/\/www.panorama-consulting.com\/es\/wp-json\/wp\/v2\/types\/page"}],"author":[{"embeddable":true,"href":"https:\/\/www.panorama-consulting.com\/es\/wp-json\/wp\/v2\/users\/310"}],"replies":[{"embeddable":true,"href":"https:\/\/www.panorama-consulting.com\/es\/wp-json\/wp\/v2\/comments?post=260694"}],"version-history":[{"count":0,"href":"https:\/\/www.panorama-consulting.com\/es\/wp-json\/wp\/v2\/pages\/260694\/revisions"}],"wp:featuredmedia":[{"embeddable":true,"href":"https:\/\/www.panorama-consulting.com\/es\/wp-json\/wp\/v2\/media\/258198"}],"wp:attachment":[{"href":"https:\/\/www.panorama-consulting.com\/es\/wp-json\/wp\/v2\/media?parent=260694"}],"curies":[{"name":"wp","href":"https:\/\/api.w.org\/{rel}","templated":true}]}}