{"id":260547,"date":"2019-06-27T12:09:16","date_gmt":"2019-06-27T18:09:16","guid":{"rendered":"https:\/\/www.panorama-consulting.com\/crisis-management\/"},"modified":"2023-06-14T13:21:55","modified_gmt":"2023-06-14T19:21:55","slug":"crisis-empresarial","status":"publish","type":"page","link":"https:\/\/www.panorama-consulting.com\/es\/crisis-empresarial\/","title":{"rendered":"Consultor\u00eda de Crisis Empresarial"},"content":{"rendered":"<p>[et_pb_section fb_built=\u00bb1&#8243; admin_label=\u00bbPage Header Blue\u00bb _builder_version=\u00bb4.18.0&#8243; _module_preset=\u00bbdefault\u00bb background_color=\u00bb#ffffff\u00bb width=\u00bb82%\u00bb module_alignment=\u00bbcenter\u00bb custom_margin=\u00bb15px||15px||true|false\u00bb custom_padding=\u00bb36px||36px||true|false\u00bb saved_tabs=\u00bball\u00bb locked=\u00bboff\u00bb collapsed=\u00bboff\u00bb global_colors_info=\u00bb{}\u00bb][et_pb_row module_class=\u00bb et_pb_row_fullwidth et_pb_row_fullwidth et_pb_row_fullwidth et_pb_row_fullwidth et_pb_row_fullwidth et_pb_row_fullwidth et_pb_row_fullwidth et_pb_row_fullwidth et_pb_row_fullwidth et_pb_row_fullwidth et_pb_row_fullwidth et_pb_row_fullwidth et_pb_row_fullwidth et_pb_row_fullwidth et_pb_row_fullwidth et_pb_row_fullwidth et_pb_row_fullwidth et_pb_row_fullwidth et_pb_row_fullwidth et_pb_row_fullwidth et_pb_row_fullwidth et_pb_row_fullwidth et_pb_row_fullwidth et_pb_row_fullwidth et_pb_row_fullwidth et_pb_row_fullwidth et_pb_row_fullwidth et_pb_row_fullwidth et_pb_row_fullwidth et_pb_row_fullwidth et_pb_row_fullwidth et_pb_row_fullwidth et_pb_row_fullwidth et_pb_row_fullwidth et_pb_row_fullwidth et_pb_row_fullwidth et_pb_row_fullwidth et_pb_row_fullwidth et_pb_row_fullwidth et_pb_row_fullwidth et_pb_row_fullwidth et_pb_row_fullwidth et_pb_row_fullwidth et_pb_row_fullwidth et_pb_row_fullwidth et_pb_row_fullwidth et_pb_row_fullwidth et_pb_row_fullwidth et_pb_row_fullwidth et_pb_row_fullwidth et_pb_row_fullwidth et_pb_row_fullwidth et_pb_row_fullwidth et_pb_row_fullwidth et_pb_row_fullwidth\u00bb _builder_version=\u00bb4.18.0&#8243; background_size=\u00bbinitial\u00bb background_position=\u00bbtop_left\u00bb background_repeat=\u00bbrepeat\u00bb width=\u00bb89%\u00bb width_tablet=\u00bb80%\u00bb width_phone=\u00bb\u00bb width_last_edited=\u00bbon|desktop\u00bb max_width=\u00bb89%\u00bb max_width_tablet=\u00bb80%\u00bb max_width_phone=\u00bb\u00bb max_width_last_edited=\u00bbon|desktop\u00bb custom_margin=\u00bb0px||0px||true\u00bb custom_padding=\u00bb0px|20px|0px|20px|true|true\u00bb make_fullwidth=\u00bbon\u00bb global_colors_info=\u00bb{}\u00bb][et_pb_column type=\u00bb4_4&#8243; _builder_version=\u00bb4.16&#8243; custom_padding=\u00bb|||\u00bb global_colors_info=\u00bb{}\u00bb custom_padding__hover=\u00bb|||\u00bb][et_pb_post_title meta=\u00bboff\u00bb featured_image=\u00bboff\u00bb admin_label=\u00bbPost Title\u00bb _builder_version=\u00bb4.18.0&#8243; _module_preset=\u00bbdefault\u00bb title_font=\u00bb|300|||||||\u00bb title_text_align=\u00bbcenter\u00bb title_line_height=\u00bb1.3em\u00bb global_colors_info=\u00bb{}\u00bb][\/et_pb_post_title][\/et_pb_column][\/et_pb_row][\/et_pb_section][et_pb_section fb_built=\u00bb1&#8243; admin_label=\u00bbPage Header Blue\u00bb _builder_version=\u00bb4.16&#8243; use_background_color_gradient=\u00bbon\u00bb background_color_gradient_stops=\u00bb#434343 0%|#222222 100%\u00bb background_color_gradient_start=\u00bb#434343&#8243; background_color_gradient_end=\u00bb#222222&#8243; custom_margin=\u00bb|||\u00bb custom_padding=\u00bb|||\u00bb saved_tabs=\u00bball\u00bb global_colors_info=\u00bb{}\u00bb][et_pb_row _builder_version=\u00bb4.16&#8243; custom_margin=\u00bb0px||0px||true\u00bb custom_padding=\u00bb0px|20px|0px|20px|true|true\u00bb global_colors_info=\u00bb{}\u00bb][et_pb_column type=\u00bb4_4&#8243; _builder_version=\u00bb4.16&#8243; custom_padding=\u00bb|||\u00bb global_colors_info=\u00bb{}\u00bb custom_padding__hover=\u00bb|||\u00bb][et_pb_text _builder_version=\u00bb4.21.0&#8243; text_font=\u00bbOpen Sans||||||||\u00bb text_font_size=\u00bb16px\u00bb text_line_height=\u00bb24px\u00bb header_font=\u00bb||||||||\u00bb header_2_font=\u00bbOpen Sans|300|||||||\u00bb header_2_text_align=\u00bbcenter\u00bb header_2_font_size=\u00bb36px\u00bb header_2_line_height=\u00bb1.2em\u00bb text_orientation=\u00bbcenter\u00bb background_layout=\u00bbdark\u00bb custom_padding=\u00bb|20px||20px||true\u00bb header_2_font_size_tablet=\u00bb\u00bb header_2_font_size_phone=\u00bb24px\u00bb header_2_font_size_last_edited=\u00bbon|phone\u00bb header_2_text_shadow_style=\u00bbpreset1&#8243; global_colors_info=\u00bb{}\u00bb]<\/p>\n<h2 style=\"text-align: center;\">Proporcionando  un Respiro  a las Empresas con los Servicios de Gesti\u00f3n de Crisis de Panorama Consulting<\/h2>\n<p>Nuestra consultor\u00eda de crisis empresarial identifica r\u00e1pidamente los problemas de mayor prioridad, determina soluciones de estabilizaci\u00f3n a corto plazo, crea planes de acci\u00f3n y act\u00faa de inmediato.<\/p>\n<p>[\/et_pb_text][\/et_pb_column][\/et_pb_row][\/et_pb_section][et_pb_section fb_built=\u00bb1&#8243; _builder_version=\u00bb4.16&#8243; global_colors_info=\u00bb{}\u00bb][et_pb_row column_structure=\u00bb3_5,2_5&#8243; _builder_version=\u00bb4.16&#8243; global_colors_info=\u00bb{}\u00bb][et_pb_column type=\u00bb3_5&#8243; _builder_version=\u00bb4.16&#8243; custom_padding=\u00bb|||\u00bb global_colors_info=\u00bb{}\u00bb custom_padding__hover=\u00bb|||\u00bb][et_pb_text admin_label=\u00bbBusiness Crisis Consulting is the First Phase of a Restructure\u00bb _builder_version=\u00bb4.21.0&#8243; header_font=\u00bb||||||||\u00bb header_2_font=\u00bb|300|||||||\u00bb header_2_line_height=\u00bb1.2em\u00bb header_2_font_size_tablet=\u00bb\u00bb header_2_font_size_phone=\u00bb\u00bb header_2_font_size_last_edited=\u00bbon|phone\u00bb global_colors_info=\u00bb{}\u00bb]<\/p>\n<h2>La consultor\u00eda de Crisis Empresarial es la Primera Fase de una Reestructuraci\u00f3n<\/h2>\n<p>[\/et_pb_text][et_pb_text _builder_version=\u00bb4.21.0&#8243; text_font=\u00bbOpen Sans||||||||\u00bb text_text_color=\u00bb#555555&#8243; text_line_height=\u00bb1.6em\u00bb header_font=\u00bb||||||||\u00bb header_2_font=\u00bbOpen Sans|300|||||||\u00bb header_2_text_align=\u00bbleft\u00bb header_2_text_color=\u00bb#555555&#8243; header_2_font_size=\u00bb38px\u00bb header_2_line_height=\u00bb1.8em\u00bb global_colors_info=\u00bb{}\u00bb]<\/p>\n<p><span style=\"font-size: 18px;\">Incluso los buenos gerentes pueden pasar por alto los primeros signos de problemas en la empresa. Es posible que est\u00e9n enfocados en solucionar problemas a corto plazo y no en mejorar el rendimiento de la organizaci\u00f3n.<\/span><\/p>\n<p><\/p>\n<p><span style=\"font-size: 18px;\">Es un momento de fuerte emociones de manera que es  importante tener una visi\u00f3n objetiva y fresca de lo que esta ocurriendo. Nuestros consultores pueden ayudarlo a reconocer que su plan no est\u00e1 funcionando y esto es el primer paso para reestructurar el negocio.<\/span><\/p>\n<p>[\/et_pb_text][\/et_pb_column][et_pb_column type=\u00bb2_5&#8243; _builder_version=\u00bb4.16&#8243; custom_padding=\u00bb|||\u00bb global_colors_info=\u00bb{}\u00bb custom_padding__hover=\u00bb|||\u00bb][et_pb_divider show_divider=\u00bboff\u00bb _builder_version=\u00bb4.16&#8243; min_height=\u00bb114px\u00bb global_colors_info=\u00bb{}\u00bb][\/et_pb_divider][et_pb_image src=\u00bbhttps:\/\/www.panorama-consulting.com\/wp-content\/uploads\/2019\/07\/whiteboard-session.jpg\u00bb title_text=\u00bbwhiteboard-session\u00bb align=\u00bbcenter\u00bb force_fullwidth=\u00bbon\u00bb align_tablet=\u00bbcenter\u00bb align_phone=\u00bb\u00bb align_last_edited=\u00bbon|desktop\u00bb _builder_version=\u00bb4.16&#8243; box_shadow_style=\u00bbpreset3&#8243; box_shadow_blur=\u00bb30px\u00bb box_shadow_spread=\u00bb-10px\u00bb global_colors_info=\u00bb{}\u00bb]<\/p>\n<p>&nbsp;<\/p>\n<p>[\/et_pb_image][\/et_pb_column][\/et_pb_row][et_pb_row _builder_version=\u00bb4.16&#8243; custom_padding=\u00bb11px||14px|||\u00bb global_colors_info=\u00bb{}\u00bb][et_pb_column type=\u00bb4_4&#8243; _builder_version=\u00bb4.16&#8243; global_colors_info=\u00bb{}\u00bb][et_pb_cta title=\u00bbCaso de Estudio de Gesti\u00f3n de Crisis\u00bb button_url=\u00bbhttps:\/\/www.panorama-consulting.com\/wp-content\/uploads\/2020\/03\/Crisis-Management-Case-Study-2.pdf\u00bb url_new_window=\u00bbon\u00bb button_text=\u00bbLea el caso de estudio\u00bb admin_label=\u00bbClash 2020&#8243; _builder_version=\u00bb4.21.0&#8243; header_font=\u00bb|300|||||||\u00bb header_text_align=\u00bbcenter\u00bb custom_button=\u00bbon\u00bb button_text_color=\u00bb#ffffff\u00bb button_bg_color=\u00bb#3189bd\u00bb button_border_color=\u00bb#ffffff\u00bb button_use_icon=\u00bboff\u00bb button_alignment=\u00bbcenter\u00bb header_text_shadow_style=\u00bbpreset1&#8243; global_colors_info=\u00bb{}\u00bb button_text_color__hover_enabled=\u00bbon|hover\u00bb button_text_color__hover=\u00bb#3189bd\u00bb button_bg_color__hover_enabled=\u00bbon|hover\u00bb button_bg_color__hover=\u00bb#ffffff\u00bb button_bg_enable_color__hover=\u00bbon\u00bb]<\/p>\n<p>Las operaciones se mantuvieron, lo que permiti\u00f3 que la empresa se estabilizara durante las negociaciones de salida y la posterior integraci\u00f3n con el adquirente.<\/p>\n<p>[\/et_pb_cta][\/et_pb_column][\/et_pb_row][et_pb_row column_structure=\u00bb2_5,3_5&#8243; _builder_version=\u00bb4.16&#8243; global_colors_info=\u00bb{}\u00bb][et_pb_column type=\u00bb2_5&#8243; _builder_version=\u00bb4.16&#8243; custom_padding=\u00bb|||\u00bb global_colors_info=\u00bb{}\u00bb custom_padding__hover=\u00bb|||\u00bb][et_pb_divider show_divider=\u00bboff\u00bb _builder_version=\u00bb4.16&#8243; min_height=\u00bb114px\u00bb global_colors_info=\u00bb{}\u00bb][\/et_pb_divider][et_pb_image src=\u00bbhttps:\/\/www.panorama-consulting.com\/wp-content\/uploads\/2019\/07\/growth-chart.jpg\u00bb title_text=\u00bbgrowth-chart\u00bb align=\u00bbcenter\u00bb force_fullwidth=\u00bbon\u00bb align_tablet=\u00bbcenter\u00bb align_phone=\u00bb\u00bb align_last_edited=\u00bbon|desktop\u00bb _builder_version=\u00bb4.16&#8243; box_shadow_style=\u00bbpreset3&#8243; box_shadow_blur=\u00bb30px\u00bb box_shadow_spread=\u00bb-10px\u00bb global_colors_info=\u00bb{}\u00bb]<\/p>\n<p>&nbsp;<\/p>\n<p>[\/et_pb_image][\/et_pb_column][et_pb_column type=\u00bb3_5&#8243; _builder_version=\u00bb4.16&#8243; custom_padding=\u00bb|||\u00bb global_colors_info=\u00bb{}\u00bb custom_padding__hover=\u00bb|||\u00bb][et_pb_text admin_label=\u00bbWe Take Immediate Action as Failing Business Consultants\u00bb _builder_version=\u00bb4.21.0&#8243; header_font=\u00bb||||||||\u00bb header_2_font=\u00bb|300|||||||\u00bb header_2_line_height=\u00bb1.2em\u00bb header_2_font_size_tablet=\u00bb\u00bb header_2_font_size_phone=\u00bb\u00bb header_2_font_size_last_edited=\u00bbon|phone\u00bb global_colors_info=\u00bb{}\u00bb]<\/p>\n<h2>Tomamos medidas inmediatas como consultores de empresas en crisis<\/h2>\n<p>[\/et_pb_text][et_pb_text _builder_version=\u00bb4.21.0&#8243; text_font=\u00bbOpen Sans||||||||\u00bb text_text_color=\u00bb#555555&#8243; text_line_height=\u00bb1.6em\u00bb header_font=\u00bb||||||||\u00bb header_2_font=\u00bbOpen Sans|300|||||||\u00bb header_2_text_align=\u00bbleft\u00bb header_2_text_color=\u00bb#555555&#8243; header_2_font_size=\u00bb38px\u00bb header_2_line_height=\u00bb1.8em\u00bb global_colors_info=\u00bb{}\u00bb]<\/p>\n<p><span style=\"font-size: 18px;\">Comenzamos con una consulta para determinar la duraci\u00f3n de la consulta de crisis empresarial requerida:<\/span><\/p>\n<p><span style=\"font-size: 18px;\"><\/span><\/p>\n<ul>\n<li>Nivel Uno (1-2 semanas) &#8211; Incluye una revisi\u00f3n de los estados financieros, verificaciones de n\u00f3mina, validaci\u00f3n de servicios de productos, estrategia de pron\u00f3stico y sostenibilidad CFBE (Punto de equilibrio de flujo de efectivo) con financiaci\u00f3n actual.<\/li>\n<li>Nivel Dos (3-6 semanas) &#8211; Incluye todo lo del nivel uno, con servicios adicionales que incluyen revisi\u00f3n del equipo de gesti\u00f3n, apoyo a los inversores de capital y revisi\u00f3n y requisitos de plataformas tecnol\u00f3gicas.<\/li>\n<li>Nivel Tres (6-8 semanas) &#8211; Incluye las ofertas de nivel uno y dos con soporte adicional que consiste en an\u00e1lisis de propiedad intelectual, oportunidades de salida, revisi\u00f3n de contratos, revisi\u00f3n de clientes y escenarios de liquidaci\u00f3n.<\/li>\n<\/ul>\n<p>[\/et_pb_text][\/et_pb_column][\/et_pb_row][\/et_pb_section][et_pb_section fb_built=\u00bb1&#8243; _builder_version=\u00bb4.16&#8243; custom_padding=\u00bb0|0px|54px|0px|false|false\u00bb global_colors_info=\u00bb{}\u00bb][et_pb_row _builder_version=\u00bb4.16&#8243; custom_padding=\u00bb13px||14px|||\u00bb global_colors_info=\u00bb{}\u00bb][et_pb_column type=\u00bb4_4&#8243; _builder_version=\u00bb4.16&#8243; global_colors_info=\u00bb{}\u00bb][et_pb_cta title=\u00bbCaso de Estudio de Gesti\u00f3n de Crisis\u00bb button_url=\u00bbhttps:\/\/www.panorama-consulting.com\/wp-content\/uploads\/2020\/03\/Crisis-Management-Case-Study.pdf\u00bb url_new_window=\u00bbon\u00bb button_text=\u00bbLea el caso de estudio\u00bb admin_label=\u00bbClash 2020&#8243; _builder_version=\u00bb4.21.0&#8243; header_font=\u00bb|300|||||||\u00bb header_text_align=\u00bbcenter\u00bb custom_button=\u00bbon\u00bb button_text_color=\u00bb#ffffff\u00bb button_bg_color=\u00bb#3189bd\u00bb button_border_color=\u00bb#ffffff\u00bb button_use_icon=\u00bboff\u00bb button_alignment=\u00bbcenter\u00bb header_text_shadow_style=\u00bbpreset1&#8243; global_colors_info=\u00bb{}\u00bb button_text_color__hover_enabled=\u00bbon|hover\u00bb button_text_color__hover=\u00bb#3189bd\u00bb button_bg_color__hover_enabled=\u00bbon|hover\u00bb button_bg_color__hover=\u00bb#ffffff\u00bb button_bg_enable_color__hover=\u00bbon\u00bb]<\/p>\n<p>En menos de 17 meses, la empresa encontr\u00f3 una salida y fue adquirida por una gran pujante empresa de transporte de San Francisco.<\/p>\n<p>[\/et_pb_cta][\/et_pb_column][\/et_pb_row][\/et_pb_section][et_pb_section fb_built=\u00bb1&#8243; _builder_version=\u00bb4.16&#8243; background_image=\u00bbhttps:\/\/www.panorama-consulting.com\/wp-content\/uploads\/bpm-cta.jpg\u00bb global_colors_info=\u00bb{}\u00bb][et_pb_row _builder_version=\u00bb4.16&#8243; global_colors_info=\u00bb{}\u00bb][et_pb_column type=\u00bb4_4&#8243; _builder_version=\u00bb4.16&#8243; custom_padding=\u00bb|||\u00bb global_colors_info=\u00bb{}\u00bb custom_padding__hover=\u00bb|||\u00bb][et_pb_cta title=\u00bbDe la Incertidumbre a la Estabilidad\u00bb button_url=\u00bb\/es\/contactennos\/\u00bb button_text=\u00bbCont\u00e1ctenos\u00bb module_class=\u00bbntm-cta-block\u00bb _builder_version=\u00bb4.21.0&#8243; header_font=\u00bbOpen Sans|300|||||||\u00bb header_font_size=\u00bb36px\u00bb header_line_height=\u00bb1.2em\u00bb body_font=\u00bbOpen Sans||||||||\u00bb use_background_color=\u00bboff\u00bb custom_button=\u00bbon\u00bb button_border_width=\u00bb1px\u00bb button_border_radius=\u00bb0px\u00bb button_font=\u00bbOpen Sans|300|||||||\u00bb button_use_icon=\u00bboff\u00bb button_alignment=\u00bbcenter\u00bb header_font_size_tablet=\u00bb\u00bb header_font_size_phone=\u00bb\u00bb header_font_size_last_edited=\u00bbon|phone\u00bb global_colors_info=\u00bb{}\u00bb button_text_size__hover_enabled=\u00bboff\u00bb button_text_size__hover=\u00bbnull\u00bb button_one_text_size__hover_enabled=\u00bboff\u00bb button_one_text_size__hover=\u00bbnull\u00bb button_two_text_size__hover_enabled=\u00bboff\u00bb button_two_text_size__hover=\u00bbnull\u00bb button_text_color__hover_enabled=\u00bboff\u00bb button_text_color__hover=\u00bbnull\u00bb button_one_text_color__hover_enabled=\u00bboff\u00bb button_one_text_color__hover=\u00bbnull\u00bb button_two_text_color__hover_enabled=\u00bboff\u00bb button_two_text_color__hover=\u00bbnull\u00bb button_border_width__hover_enabled=\u00bboff\u00bb button_border_width__hover=\u00bbnull\u00bb button_one_border_width__hover_enabled=\u00bboff\u00bb button_one_border_width__hover=\u00bbnull\u00bb button_two_border_width__hover_enabled=\u00bboff\u00bb button_two_border_width__hover=\u00bbnull\u00bb button_border_color__hover_enabled=\u00bboff\u00bb button_border_color__hover=\u00bbnull\u00bb button_one_border_color__hover_enabled=\u00bboff\u00bb button_one_border_color__hover=\u00bbnull\u00bb button_two_border_color__hover_enabled=\u00bboff\u00bb button_two_border_color__hover=\u00bbnull\u00bb button_border_radius__hover_enabled=\u00bboff\u00bb button_border_radius__hover=\u00bbnull\u00bb button_one_border_radius__hover_enabled=\u00bboff\u00bb button_one_border_radius__hover=\u00bbnull\u00bb button_two_border_radius__hover_enabled=\u00bboff\u00bb button_two_border_radius__hover=\u00bbnull\u00bb button_letter_spacing__hover_enabled=\u00bboff\u00bb button_letter_spacing__hover=\u00bbnull\u00bb button_one_letter_spacing__hover_enabled=\u00bboff\u00bb button_one_letter_spacing__hover=\u00bbnull\u00bb button_two_letter_spacing__hover_enabled=\u00bboff\u00bb button_two_letter_spacing__hover=\u00bbnull\u00bb button_bg_color__hover_enabled=\u00bboff\u00bb button_bg_color__hover=\u00bbnull\u00bb button_one_bg_color__hover_enabled=\u00bboff\u00bb button_one_bg_color__hover=\u00bbnull\u00bb button_two_bg_color__hover_enabled=\u00bboff\u00bb button_two_bg_color__hover=\u00bbnull\u00bb]<\/p>\n<p>Descubre c\u00f3mo ayudamos a los gerentes, due\u00f1os de capital y prestamistas a asegurar la supervivencia empresarial.<\/p>\n<p>[\/et_pb_cta][et_pb_code _builder_version=\u00bb4.16&#8243; _module_preset=\u00bbdefault\u00bb global_colors_info=\u00bb{}\u00bb]<script type=\"application\/ld+json\">{<!-- [et_pb_line_break_holder] -->    \"@context\": \"http:\/\/schema.org\/\",<!-- [et_pb_line_break_holder] -->    \"@type\": \"Service\", <!-- [et_pb_line_break_holder] -->    \"serviceType\": \"Business Crisis Management Services - Failing Business Consultant \",<!-- [et_pb_line_break_holder] -->    \"url\": \"https:\/\/www.panorama-consulting.com\/services\/crisis-management\/\",<!-- [et_pb_line_break_holder] -->    \"description\": \"Even good managers can miss the early signs of business distress. You may be looking at the wrong data or you don\u2019t have the appropriate metrics to manage the company\u2019s health. Or, you may be focusing on solving short-term problems but not on the improving the organization\u2019s performance.\",<!-- [et_pb_line_break_holder] -->    \"image\": \"https:\/\/www.panorama-consulting.com\/wp-content\/uploads\/2019\/07\/whiteboard-session.jpg.webp\",<!-- [et_pb_line_break_holder] -->    \"provider\": {<!-- [et_pb_line_break_holder] -->    \"@type\": \"Organization\",<!-- [et_pb_line_break_holder] -->    \"logo\":\"https:\/\/www.panorama-consulting.com\/wp-content\/uploads\/2021\/10\/PCG-Logo-Color.svg\",<!-- [et_pb_line_break_holder] -->    \"name\": \"Panorama Consulting Group\",<!-- [et_pb_line_break_holder] -->    \"telephone\": \"(720) 515-1377\",<!-- [et_pb_line_break_holder] -->    \"address\": {<!-- [et_pb_line_break_holder] -->    \"@type\": \"PostalAddress\",<!-- [et_pb_line_break_holder] -->    \"streetAddress\": \"2000 S Colorado Blvd Tower 1, Suite 2000-407\",<!-- [et_pb_line_break_holder] -->    \"addressLocality\": \"Denver\",<!-- [et_pb_line_break_holder] -->    \"addressRegion\": \"Colorado\",<!-- [et_pb_line_break_holder] -->    \"postalCode\": \"80222\",<!-- [et_pb_line_break_holder] -->    \"addressCountry\": \"USA\"<!-- [et_pb_line_break_holder] -->    },<!-- [et_pb_line_break_holder] -->    \"areaServed\":\"Alabama, Alaska, American Samoa, Arizona, Arkansas, California, Colorado, Connecticut, Delaware, District of Columbia, Florida, Georgia, Guam, Hawaii, Idaho, Illinois, Indiana, Iowa, Kansas, Kentucky, Louisiana, Maine, Maryland, Massachusetts, Michigan, Minnesota, Minor Outlying Islands, Mississippi, Missouri, Montana, Nebraska, Nevada, New Hampshire, New Jersey, New Mexico, New York, North Carolina, North Dakota, Northern Mariana Islands, Ohio, Oklahoma, Oregon, Pennsylvania, Puerto Rico, Rhode Island, South Carolina, South Dakota, Tennessee, Texas, U.S. Virgin Islands, Utah, Vermont, Virginia, Washington, West Virginia, Wisconsin, Wyoming\"<!-- [et_pb_line_break_holder] -->    }}<!-- [et_pb_line_break_holder] -->    <\/script>[\/et_pb_code][\/et_pb_column][\/et_pb_row][\/et_pb_section]<\/p>\n","protected":false},"excerpt":{"rendered":"<p>Proporcionando un Respiro a las Empresas con los Servicios de Gesti\u00f3n de Crisis de Panorama Consulting Nuestra consultor\u00eda de crisis empresarial identifica r\u00e1pidamente los problemas de mayor prioridad, determina soluciones de estabilizaci\u00f3n a corto plazo, crea planes de acci\u00f3n y act\u00faa de inmediato.La consultor\u00eda de Crisis Empresarial es la Primera Fase de una Reestructuraci\u00f3nIncluso los [&hellip;]<\/p>\n","protected":false},"author":306,"featured_media":0,"parent":0,"menu_order":0,"comment_status":"closed","ping_status":"closed","template":"","meta":{"_acf_changed":false,"_et_pb_use_builder":"on","_et_pb_old_content":"","_et_gb_content_width":"","inline_featured_image":false,"footnotes":""},"class_list":["post-260547","page","type-page","status-publish","hentry"],"acf":[],"jetpack_sharing_enabled":true,"_links":{"self":[{"href":"https:\/\/www.panorama-consulting.com\/es\/wp-json\/wp\/v2\/pages\/260547","targetHints":{"allow":["GET"]}}],"collection":[{"href":"https:\/\/www.panorama-consulting.com\/es\/wp-json\/wp\/v2\/pages"}],"about":[{"href":"https:\/\/www.panorama-consulting.com\/es\/wp-json\/wp\/v2\/types\/page"}],"author":[{"embeddable":true,"href":"https:\/\/www.panorama-consulting.com\/es\/wp-json\/wp\/v2\/users\/306"}],"replies":[{"embeddable":true,"href":"https:\/\/www.panorama-consulting.com\/es\/wp-json\/wp\/v2\/comments?post=260547"}],"version-history":[{"count":0,"href":"https:\/\/www.panorama-consulting.com\/es\/wp-json\/wp\/v2\/pages\/260547\/revisions"}],"wp:attachment":[{"href":"https:\/\/www.panorama-consulting.com\/es\/wp-json\/wp\/v2\/media?parent=260547"}],"curies":[{"name":"wp","href":"https:\/\/api.w.org\/{rel}","templated":true}]}}