{"id":260544,"date":"2019-06-27T12:11:35","date_gmt":"2019-06-27T18:11:35","guid":{"rendered":"https:\/\/www.panorama-consulting.com\/turnaround-analysis\/"},"modified":"2023-06-14T13:18:34","modified_gmt":"2023-06-14T19:18:34","slug":"transformacion-empresarial","status":"publish","type":"page","link":"https:\/\/www.panorama-consulting.com\/es\/transformacion-empresarial\/","title":{"rendered":"Consultores en Transformaci\u00f3n Empresarial"},"content":{"rendered":"<p>[et_pb_section fb_built=\u00bb1&#8243; admin_label=\u00bbPage Header Blue\u00bb _builder_version=\u00bb4.18.0&#8243; _module_preset=\u00bbdefault\u00bb background_color=\u00bb#ffffff\u00bb width=\u00bb82%\u00bb module_alignment=\u00bbcenter\u00bb custom_margin=\u00bb15px||15px||true|false\u00bb custom_padding=\u00bb36px||36px||true|false\u00bb saved_tabs=\u00bball\u00bb locked=\u00bboff\u00bb collapsed=\u00bboff\u00bb global_colors_info=\u00bb{}\u00bb][et_pb_row module_class=\u00bb et_pb_row_fullwidth et_pb_row_fullwidth et_pb_row_fullwidth et_pb_row_fullwidth et_pb_row_fullwidth et_pb_row_fullwidth et_pb_row_fullwidth et_pb_row_fullwidth et_pb_row_fullwidth et_pb_row_fullwidth et_pb_row_fullwidth et_pb_row_fullwidth et_pb_row_fullwidth et_pb_row_fullwidth et_pb_row_fullwidth et_pb_row_fullwidth et_pb_row_fullwidth et_pb_row_fullwidth et_pb_row_fullwidth et_pb_row_fullwidth et_pb_row_fullwidth et_pb_row_fullwidth et_pb_row_fullwidth et_pb_row_fullwidth et_pb_row_fullwidth et_pb_row_fullwidth et_pb_row_fullwidth et_pb_row_fullwidth et_pb_row_fullwidth et_pb_row_fullwidth et_pb_row_fullwidth et_pb_row_fullwidth et_pb_row_fullwidth et_pb_row_fullwidth et_pb_row_fullwidth et_pb_row_fullwidth et_pb_row_fullwidth et_pb_row_fullwidth et_pb_row_fullwidth et_pb_row_fullwidth et_pb_row_fullwidth et_pb_row_fullwidth et_pb_row_fullwidth et_pb_row_fullwidth et_pb_row_fullwidth et_pb_row_fullwidth et_pb_row_fullwidth et_pb_row_fullwidth et_pb_row_fullwidth et_pb_row_fullwidth et_pb_row_fullwidth et_pb_row_fullwidth et_pb_row_fullwidth et_pb_row_fullwidth et_pb_row_fullwidth\u00bb _builder_version=\u00bb4.18.0&#8243; background_size=\u00bbinitial\u00bb background_position=\u00bbtop_left\u00bb background_repeat=\u00bbrepeat\u00bb width=\u00bb89%\u00bb width_tablet=\u00bb80%\u00bb width_phone=\u00bb\u00bb width_last_edited=\u00bbon|desktop\u00bb max_width=\u00bb89%\u00bb max_width_tablet=\u00bb80%\u00bb max_width_phone=\u00bb\u00bb max_width_last_edited=\u00bbon|desktop\u00bb custom_margin=\u00bb0px||0px||true\u00bb custom_padding=\u00bb0px|20px|0px|20px|true|true\u00bb make_fullwidth=\u00bbon\u00bb global_colors_info=\u00bb{}\u00bb][et_pb_column type=\u00bb4_4&#8243; _builder_version=\u00bb4.16&#8243; custom_padding=\u00bb|||\u00bb global_colors_info=\u00bb{}\u00bb custom_padding__hover=\u00bb|||\u00bb][et_pb_post_title meta=\u00bboff\u00bb featured_image=\u00bboff\u00bb admin_label=\u00bbPost Title\u00bb _builder_version=\u00bb4.18.0&#8243; _module_preset=\u00bbdefault\u00bb title_font=\u00bb|300|||||||\u00bb title_text_align=\u00bbcenter\u00bb title_line_height=\u00bb1.3em\u00bb global_colors_info=\u00bb{}\u00bb][\/et_pb_post_title][\/et_pb_column][\/et_pb_row][\/et_pb_section][et_pb_section fb_built=\u00bb1&#8243; admin_label=\u00bbPage Header Blue\u00bb _builder_version=\u00bb4.16&#8243; use_background_color_gradient=\u00bbon\u00bb background_color_gradient_stops=\u00bb#434343 0%|#222222 100%\u00bb background_color_gradient_start=\u00bb#434343&#8243; background_color_gradient_end=\u00bb#222222&#8243; custom_margin=\u00bb|||\u00bb custom_padding=\u00bb|||\u00bb saved_tabs=\u00bball\u00bb global_colors_info=\u00bb{}\u00bb][et_pb_row _builder_version=\u00bb4.16&#8243; custom_margin=\u00bb0px||0px||true\u00bb custom_padding=\u00bb0px|20px|0px|20px|true|true\u00bb global_colors_info=\u00bb{}\u00bb][et_pb_column type=\u00bb4_4&#8243; _builder_version=\u00bb4.16&#8243; custom_padding=\u00bb|||\u00bb global_colors_info=\u00bb{}\u00bb custom_padding__hover=\u00bb|||\u00bb][et_pb_text _builder_version=\u00bb4.21.0&#8243; text_font=\u00bbOpen Sans||||||||\u00bb text_font_size=\u00bb16px\u00bb text_line_height=\u00bb24px\u00bb header_font=\u00bb||||||||\u00bb header_2_font=\u00bbOpen Sans|300|||||||\u00bb header_2_text_align=\u00bbcenter\u00bb header_2_font_size=\u00bb36px\u00bb header_2_line_height=\u00bb1.2em\u00bb text_orientation=\u00bbcenter\u00bb background_layout=\u00bbdark\u00bb custom_padding=\u00bb|20px||20px||true\u00bb header_2_font_size_tablet=\u00bb\u00bb header_2_font_size_phone=\u00bb24px\u00bb header_2_font_size_last_edited=\u00bbon|phone\u00bb header_2_text_shadow_style=\u00bbpreset1&#8243; global_colors_info=\u00bb{}\u00bb]<\/p>\n<h2 style=\"text-align: center;\">Diagnostique sus Situaciones con Nuestros Servicios de Consultor\u00eda en Gesti\u00f3n de Cambios en Procesos de Transformaci\u00f3n<\/h2>\n<p>Nuestros servicios de consultor\u00eda de gesti\u00f3n de reestructuraci\u00f3n incluyen descubrimientos, reestructuraci\u00f3n financiera, reducci\u00f3n de costos y oportunidades de mejora de ingresos.<\/p>\n<p>[\/et_pb_text][\/et_pb_column][\/et_pb_row][\/et_pb_section][et_pb_section fb_built=\u00bb1&#8243; _builder_version=\u00bb4.16&#8243; min_height=\u00bb434px\u00bb custom_margin=\u00bb||-137px|||\u00bb custom_padding=\u00bb||14px|||\u00bb global_colors_info=\u00bb{}\u00bb][et_pb_row _builder_version=\u00bb4.16&#8243; global_colors_info=\u00bb{}\u00bb][et_pb_column type=\u00bb4_4&#8243; _builder_version=\u00bb4.16&#8243; global_colors_info=\u00bb{}\u00bb][et_pb_text _builder_version=\u00bb4.21.0&#8243; header_font=\u00bb||||||||\u00bb header_2_font=\u00bb|300|||||||\u00bb header_2_line_height=\u00bb1.2em\u00bb header_2_font_size_tablet=\u00bb\u00bb header_2_font_size_phone=\u00bb\u00bb header_2_font_size_last_edited=\u00bbon|phone\u00bb global_colors_info=\u00bb{}\u00bb]<\/p>\n<h2 style=\"text-align: left;\">El objetivo de la Consultor\u00eda de Gesti\u00f3n de Cambio en los Procesos de Transformaci\u00f3n<\/h2>\n<p>[\/et_pb_text][et_pb_text _builder_version=\u00bb4.21.0&#8243; global_colors_info=\u00bb{}\u00bb]<\/p>\n<p>El objetivo de nuestros consultores de gesti\u00f3n de transformaci\u00f3n es determinar la gravedad de la situaci\u00f3n y si se puede revertir. Este an\u00e1lisis culmina en la formulaci\u00f3n de un plan de acci\u00f3n preliminar que indica qu\u00e9 est\u00e1 mal, c\u00f3mo solucionar la situaci\u00f3n, las estrategias clave para llevar la entidad en una direcci\u00f3n positiva y una previsi\u00f3n de flujo de efectivo para comprender el uso del efectivo. Este an\u00e1lisis responde preguntas como \u00ab\u00bfEs viable este negocio?\u00bb, \u00ab\u00bfDeber\u00edamos salvarlo?\u00bb y \u00ab\u00bfTenemos los recursos financieros para impulsar la reestructuraci\u00f3n?\u00bb<\/p>\n<p>[\/et_pb_text][\/et_pb_column][\/et_pb_row][\/et_pb_section][et_pb_section fb_built=\u00bb1&#8243; _builder_version=\u00bb4.16&#8243; custom_margin=\u00bb||-71px|||\u00bb global_colors_info=\u00bb{}\u00bb][et_pb_row column_structure=\u00bb1_2,1_2&#8243; _builder_version=\u00bb4.16&#8243; global_colors_info=\u00bb{}\u00bb][et_pb_column type=\u00bb1_2&#8243; _builder_version=\u00bb4.16&#8243; custom_padding=\u00bb|||\u00bb global_colors_info=\u00bb{}\u00bb custom_padding__hover=\u00bb|||\u00bb][et_pb_text _builder_version=\u00bb4.21.0&#8243; header_font=\u00bb||||||||\u00bb header_2_font=\u00bb|300|||||||\u00bb header_2_line_height=\u00bb1.2em\u00bb header_2_font_size_tablet=\u00bb\u00bb header_2_font_size_phone=\u00bb\u00bb header_2_font_size_last_edited=\u00bbon|phone\u00bb global_colors_info=\u00bb{}\u00bb]<\/p>\n<h2>Desarrollo de un Plan<\/h2>\n<p>[\/et_pb_text][et_pb_text _builder_version=\u00bb4.21.0&#8243; text_font=\u00bbOpen Sans||||||||\u00bb text_text_color=\u00bb#555555&#8243; text_line_height=\u00bb1.6em\u00bb header_font=\u00bb||||||||\u00bb header_2_font=\u00bbOpen Sans|300|||||||\u00bb header_2_text_align=\u00bbleft\u00bb header_2_text_color=\u00bb#555555&#8243; header_2_font_size=\u00bb38px\u00bb header_2_line_height=\u00bb1.8em\u00bb global_colors_info=\u00bb{}\u00bb]<\/p>\n<p>Como consultores de recuperaci\u00f3n de negocios, nuestra primera tarea es identificar a todos los principales actores dentro de una empresa en problemas y trabajar con ellos para diagnosticar la situaci\u00f3n. Luego informamos a los propietarios y\/o a las empresas de intermediaci\u00f3n financiera con intereses en la empresa  siempre que identifiquemos un problema. Finalmente, utilizamos el conocimiento combinado de todas las partes involucradas para desarrollar un plan y una estrategia de recuperaci\u00f3n.<\/p>\n<p>[\/et_pb_text][\/et_pb_column][et_pb_column type=\u00bb1_2&#8243; _builder_version=\u00bb4.16&#8243; custom_padding=\u00bb|||\u00bb global_colors_info=\u00bb{}\u00bb custom_padding__hover=\u00bb|||\u00bb][et_pb_testimonial job_title=\u00bbCo-fundador y Vicepresidente\u00bb company_name=\u00bbSquare One Bank \u00bb quote_icon=\u00bboff\u00bb portrait_width=\u00bb150px\u00bb portrait_height=\u00bb150px\u00bb _builder_version=\u00bb4.21.0&#8243; body_font=\u00bbOpen Sans||on||||||\u00bb body_text_align=\u00bbleft\u00bb use_background_color=\u00bboff\u00bb custom_css_testimonial_portrait=\u00bbbox-shadow:0 12px 30px -10px rgba(0,0,0,.4)!important;||\u00bb border_radii_portrait=\u00bbon|0px|0px|0px|0px\u00bb global_colors_info=\u00bb{}\u00bb]<\/p>\n<p>\u201cLlegaron bien preparados y con una comprensi\u00f3n s\u00f3lida del negocio y los problemas cr\u00edticos que estaban causando el declive del negocio, lo que les permiti\u00f3 comenzar r\u00e1pidamente a proponer mejoras sustanciales en los primeros 90 d\u00edas.\u201d<\/p>\n<p>[\/et_pb_testimonial][\/et_pb_column][\/et_pb_row][\/et_pb_section][et_pb_section fb_built=\u00bb1&#8243; _builder_version=\u00bb4.16&#8243; custom_padding=\u00bb0px||15px|||\u00bb global_colors_info=\u00bb{}\u00bb][et_pb_row _builder_version=\u00bb4.16&#8243; custom_padding=\u00bb||11px|||\u00bb global_colors_info=\u00bb{}\u00bb][et_pb_column type=\u00bb4_4&#8243; _builder_version=\u00bb4.16&#8243; global_colors_info=\u00bb{}\u00bb][et_pb_text _builder_version=\u00bb4.21.0&#8243; global_colors_info=\u00bb{}\u00bb]<\/p>\n<p>Las estrategias operativas que pueden emplear nuestros consultores de reestructuraci\u00f3n empresarial incluyen el aumento de ingresos, la reducci\u00f3n de costos, la venta y reubicaci\u00f3n de activos, y la reposicionamiento competitivo. Nuestros servicios de consultor\u00eda de gesti\u00f3n de reestructuraci\u00f3n tambi\u00e9n se enfocan en iniciativas estrat\u00e9gicas que pueden incluir la adopci\u00f3n de estrategias y t\u00e1cticas corporativas y empresariales s\u00f3lidas y el establecimiento de objetivos espec\u00edficos que se alinean con los objetivos finales de las partes interesadas.<\/p>\n<p>[\/et_pb_text][\/et_pb_column][\/et_pb_row][\/et_pb_section][et_pb_section fb_built=\u00bb1&#8243; _builder_version=\u00bb4.16&#8243; min_height=\u00bb356px\u00bb custom_padding=\u00bb23px||12px|||\u00bb global_colors_info=\u00bb{}\u00bb][et_pb_row _builder_version=\u00bb4.16&#8243; custom_padding=\u00bb17px||18px|||\u00bb global_colors_info=\u00bb{}\u00bb][et_pb_column type=\u00bb4_4&#8243; _builder_version=\u00bb4.16&#8243; global_colors_info=\u00bb{}\u00bb][et_pb_cta title=\u00bbCaso de Estudio sobre Transformaci\u00f3n Empresarial\u00bb button_url=\u00bbhttps:\/\/www.panorama-consulting.com\/wp-content\/uploads\/2020\/03\/Restructuring-Case-Study-Edit.pdf\u00bb url_new_window=\u00bbon\u00bb button_text=\u00bbLea este Caso de Estudio\u00bb admin_label=\u00bbClash 2020&#8243; module_class=\u00bbntm-cta-block\u00bb _builder_version=\u00bb4.21.0&#8243; header_font=\u00bb|300|||||||\u00bb header_text_align=\u00bbcenter\u00bb custom_button=\u00bbon\u00bb button_text_color=\u00bb#ffffff\u00bb button_bg_color=\u00bb#3189bd\u00bb button_border_color=\u00bb#ffffff\u00bb button_use_icon=\u00bboff\u00bb button_alignment=\u00bbcenter\u00bb header_text_shadow_style=\u00bbpreset1&#8243; global_colors_info=\u00bb{}\u00bb button_text_color__hover_enabled=\u00bbon|hover\u00bb button_text_color__hover=\u00bb#3189bd\u00bb button_bg_color__hover_enabled=\u00bbon|hover\u00bb button_bg_color__hover=\u00bb#ffffff\u00bb button_bg_enable_color__hover=\u00bbon\u00bb]<\/p>\n<p>Panorama gener\u00f3 confianza y lealtad y gestion\u00f3 eficazmente a los proveedores, lo que gener\u00f3 $7.2 millones en ventas adicionales.<\/p>\n<p>[\/et_pb_cta][\/et_pb_column][\/et_pb_row][\/et_pb_section][et_pb_section fb_built=\u00bb1&#8243; _builder_version=\u00bb4.16&#8243; custom_padding=\u00bb0|0px|54px|0px|false|false\u00bb global_colors_info=\u00bb{}\u00bb][et_pb_row column_structure=\u00bb1_2,1_2&#8243; _builder_version=\u00bb4.16&#8243; global_colors_info=\u00bb{}\u00bb][et_pb_column type=\u00bb1_2&#8243; _builder_version=\u00bb4.16&#8243; custom_padding=\u00bb|||\u00bb global_colors_info=\u00bb{}\u00bb custom_padding__hover=\u00bb|||\u00bb][et_pb_image src=\u00bbhttps:\/\/www.panorama-consulting.com\/wp-content\/uploads\/2019\/07\/decision.jpg\u00bb title_text=\u00bbdecision\u00bb align=\u00bbcenter\u00bb force_fullwidth=\u00bbon\u00bb align_tablet=\u00bbcenter\u00bb align_phone=\u00bb\u00bb align_last_edited=\u00bbon|desktop\u00bb _builder_version=\u00bb4.16&#8243; custom_margin=\u00bb||27px|||\u00bb box_shadow_style=\u00bbpreset3&#8243; box_shadow_blur=\u00bb30px\u00bb box_shadow_spread=\u00bb-10px\u00bb global_colors_info=\u00bb{}\u00bb]<\/p>\n<p>&nbsp;<\/p>\n<p>[\/et_pb_image][\/et_pb_column][et_pb_column type=\u00bb1_2&#8243; _builder_version=\u00bb4.16&#8243; custom_padding=\u00bb|||\u00bb global_colors_info=\u00bb{}\u00bb custom_padding__hover=\u00bb|||\u00bb][et_pb_text _builder_version=\u00bb4.21.0&#8243; header_font=\u00bb||||||||\u00bb header_2_font=\u00bb|300|||||||\u00bb header_2_line_height=\u00bb1.2em\u00bb header_2_font_size_tablet=\u00bb\u00bb header_2_font_size_phone=\u00bb\u00bb header_2_font_size_last_edited=\u00bbon|phone\u00bb global_colors_info=\u00bb{}\u00bb]<\/p>\n<h2>An\u00e1lisis y Acci\u00f3n<\/h2>\n<p>[\/et_pb_text][et_pb_text _builder_version=\u00bb4.21.0&#8243; text_font=\u00bbOpen Sans||||||||\u00bb text_text_color=\u00bb#555555&#8243; text_line_height=\u00bb1.6em\u00bb header_font=\u00bb||||||||\u00bb header_2_font=\u00bbOpen Sans|300|||||||\u00bb header_2_text_align=\u00bbleft\u00bb header_2_text_color=\u00bb#555555&#8243; header_2_font_size=\u00bb38px\u00bb header_2_line_height=\u00bb1.02em\u00bb custom_margin=\u00bb0px||0px||true\u00bb custom_padding=\u00bb0px||0px||true\u00bb global_colors_info=\u00bb{}\u00bb]<\/p>\n<p>Nuestros an\u00e1lisis est\u00e1n informados por contratos y documentaci\u00f3n financiera, experiencia en la industria y a\u00f1os de experiencia como consultores de recuperaci\u00f3n empresarial. Usted se beneficiar\u00e1 de nuestro equipo de expertos con experiencia en diferentes industrias.<\/p>\n<p>Nuestros an\u00e1lisis le ayudan a obtener el control de la situaci\u00f3n, especialmente el flujo de efectivo, y establecer el punto de equilibrio. Como consultores de recuperaci\u00f3n empresarial, entendemos la importancia de centralizar la funci\u00f3n de gesti\u00f3n de efectivo para garantizar el control; si detiene la hemorragia de efectivo, permitira que la entidad sobreviva.<\/p>\n<p>Otra forma en que aseguramos la supervivencia y protegemos el valor del activo es demostrando a las partes interesadas que el negocio es viable y est\u00e1 en transici\u00f3n.<\/p>\n<p>[\/et_pb_text][\/et_pb_column][\/et_pb_row][\/et_pb_section][et_pb_section fb_built=\u00bb1&#8243; _builder_version=\u00bb4.16&#8243; background_color=\u00bb#f8f8f8&#8243; custom_padding=\u00bb34px|0px|34px|0px|false|false\u00bb global_colors_info=\u00bb{}\u00bb][et_pb_row _builder_version=\u00bb4.16&#8243; global_colors_info=\u00bb{}\u00bb][et_pb_column type=\u00bb4_4&#8243; _builder_version=\u00bb4.16&#8243; custom_padding=\u00bb|||\u00bb global_colors_info=\u00bb{}\u00bb custom_padding__hover=\u00bb|||\u00bb][et_pb_text _builder_version=\u00bb4.21.0&#8243; text_font=\u00bbOpen Sans|300|||||||\u00bb text_text_color=\u00bb#555555&#8243; header_font=\u00bb||||||||\u00bb header_2_font=\u00bbOpen Sans|300|||||||\u00bb header_2_text_align=\u00bbcenter\u00bb header_2_text_color=\u00bb#555555&#8243; header_2_font_size=\u00bb36px\u00bb header_2_line_height=\u00bb1.2em\u00bb text_orientation=\u00bbcenter\u00bb header_2_font_size_tablet=\u00bb\u00bb header_2_font_size_phone=\u00bb28px\u00bb header_2_font_size_last_edited=\u00bbon|phone\u00bb global_colors_info=\u00bb{}\u00bb]<\/p>\n<h2 style=\"text-align: center;\">El Camino hacia la Estabilizaci\u00f3n<\/h2>\n<p>[\/et_pb_text][\/et_pb_column][\/et_pb_row][et_pb_row column_structure=\u00bb1_2,1_2&#8243; disabled_on=\u00bbon|off|off\u00bb _builder_version=\u00bb4.16&#8243; global_colors_info=\u00bb{}\u00bb][et_pb_column type=\u00bb1_2&#8243; _builder_version=\u00bb4.16&#8243; custom_padding=\u00bb|||\u00bb global_colors_info=\u00bb{}\u00bb custom_padding__hover=\u00bb|||\u00bb][et_pb_text _builder_version=\u00bb4.21.0&#8243; header_font=\u00bb||||||||\u00bb header_2_font=\u00bb|300|||||||\u00bb header_2_line_height=\u00bb1.2em\u00bb header_2_font_size_tablet=\u00bb\u00bb header_2_font_size_phone=\u00bb\u00bb header_2_font_size_last_edited=\u00bbon|phone\u00bb global_colors_info=\u00bb{}\u00bb]<\/p>\n<h2>Alcanzando un Consenso<\/h2>\n<p>[\/et_pb_text][et_pb_text _builder_version=\u00bb4.21.0&#8243; text_font=\u00bbOpen Sans||||||||\u00bb text_text_color=\u00bb#555555&#8243; text_line_height=\u00bb1.6em\u00bb header_font=\u00bb||||||||\u00bb header_2_font=\u00bbOpen Sans|300|||||||\u00bb header_2_text_align=\u00bbleft\u00bb header_2_text_color=\u00bb#555555&#8243; header_2_font_size=\u00bb38px\u00bb header_2_line_height=\u00bb1.02em\u00bb custom_margin=\u00bb0px||0px||true\u00bb custom_padding=\u00bb0px||0px||true\u00bb global_colors_info=\u00bb{}\u00bb]<\/p>\n<p>Una vez que hemos realizado nuestro an\u00e1lisis, lo presentamos a los propietarios  y\/o a las empresas de intermediaci\u00f3n financiera involucradas. Si todos est\u00e1n de acuerdo con nuestra recomendaci\u00f3n, inmediatamente comenzamos a trabajar para implementar nuestra estrategia y ejecutar nuestro plan de recuperaci\u00f3n.<\/p>\n<p>Los mapas de ruta de recuperaci\u00f3n que desarrollan nuestros consultores son efectivos porque avanzan r\u00e1pidamente en cada etapa para devolver a la organizaci\u00f3n a la rentabilidad.<\/p>\n<p>[\/et_pb_text][\/et_pb_column][et_pb_column type=\u00bb1_2&#8243; _builder_version=\u00bb4.16&#8243; custom_padding=\u00bb|||\u00bb global_colors_info=\u00bb{}\u00bb custom_padding__hover=\u00bb|||\u00bb][et_pb_image src=\u00bbhttps:\/\/www.panorama-consulting.com\/wp-content\/uploads\/2019\/07\/turnaround.jpg\u00bb title_text=\u00bbturnaround\u00bb align=\u00bbcenter\u00bb force_fullwidth=\u00bbon\u00bb align_tablet=\u00bbcenter\u00bb align_phone=\u00bb\u00bb align_last_edited=\u00bbon|desktop\u00bb _builder_version=\u00bb4.16&#8243; box_shadow_style=\u00bbpreset3&#8243; box_shadow_blur=\u00bb30px\u00bb box_shadow_spread=\u00bb-10px\u00bb global_colors_info=\u00bb{}\u00bb]<\/p>\n<p>&nbsp;<\/p>\n<p>[\/et_pb_image][\/et_pb_column][\/et_pb_row][\/et_pb_section][et_pb_section fb_built=\u00bb1&#8243; _builder_version=\u00bb4.16&#8243; background_image=\u00bbhttps:\/\/www.panorama-consulting.com\/wp-content\/uploads\/bpm-cta.jpg\u00bb global_colors_info=\u00bb{}\u00bb][et_pb_row _builder_version=\u00bb4.16&#8243; global_colors_info=\u00bb{}\u00bb][et_pb_column type=\u00bb4_4&#8243; _builder_version=\u00bb4.16&#8243; custom_padding=\u00bb|||\u00bb global_colors_info=\u00bb{}\u00bb custom_padding__hover=\u00bb|||\u00bb][et_pb_cta title=\u00bbPiense Primero, Act\u00fae Despu\u00e9s\u00bb button_url=\u00bb\/contact\/\u00bb button_text=\u00bbCont\u00e1ctenos\u00bb module_class=\u00bbntm-cta-block\u00bb _builder_version=\u00bb4.21.0&#8243; header_font=\u00bbOpen Sans|300|||||||\u00bb header_font_size=\u00bb36px\u00bb header_line_height=\u00bb1.2em\u00bb body_font=\u00bbOpen Sans||||||||\u00bb use_background_color=\u00bboff\u00bb custom_button=\u00bbon\u00bb button_border_width=\u00bb1px\u00bb button_border_radius=\u00bb0px\u00bb button_font=\u00bbOpen Sans|300|||||||\u00bb button_use_icon=\u00bboff\u00bb button_alignment=\u00bbcenter\u00bb header_font_size_tablet=\u00bb\u00bb header_font_size_phone=\u00bb\u00bb header_font_size_last_edited=\u00bbon|phone\u00bb global_colors_info=\u00bb{}\u00bb button_text_size__hover_enabled=\u00bboff\u00bb button_text_size__hover=\u00bbnull\u00bb button_one_text_size__hover_enabled=\u00bboff\u00bb button_one_text_size__hover=\u00bbnull\u00bb button_two_text_size__hover_enabled=\u00bboff\u00bb button_two_text_size__hover=\u00bbnull\u00bb button_text_color__hover_enabled=\u00bboff\u00bb button_text_color__hover=\u00bbnull\u00bb button_one_text_color__hover_enabled=\u00bboff\u00bb button_one_text_color__hover=\u00bbnull\u00bb button_two_text_color__hover_enabled=\u00bboff\u00bb button_two_text_color__hover=\u00bbnull\u00bb button_border_width__hover_enabled=\u00bboff\u00bb button_border_width__hover=\u00bbnull\u00bb button_one_border_width__hover_enabled=\u00bboff\u00bb button_one_border_width__hover=\u00bbnull\u00bb button_two_border_width__hover_enabled=\u00bboff\u00bb button_two_border_width__hover=\u00bbnull\u00bb button_border_color__hover_enabled=\u00bboff\u00bb button_border_color__hover=\u00bbnull\u00bb button_one_border_color__hover_enabled=\u00bboff\u00bb button_one_border_color__hover=\u00bbnull\u00bb button_two_border_color__hover_enabled=\u00bboff\u00bb button_two_border_color__hover=\u00bbnull\u00bb button_border_radius__hover_enabled=\u00bboff\u00bb button_border_radius__hover=\u00bbnull\u00bb button_one_border_radius__hover_enabled=\u00bboff\u00bb button_one_border_radius__hover=\u00bbnull\u00bb button_two_border_radius__hover_enabled=\u00bboff\u00bb button_two_border_radius__hover=\u00bbnull\u00bb button_letter_spacing__hover_enabled=\u00bboff\u00bb button_letter_spacing__hover=\u00bbnull\u00bb button_one_letter_spacing__hover_enabled=\u00bboff\u00bb button_one_letter_spacing__hover=\u00bbnull\u00bb button_two_letter_spacing__hover_enabled=\u00bboff\u00bb button_two_letter_spacing__hover=\u00bbnull\u00bb button_bg_color__hover_enabled=\u00bboff\u00bb button_bg_color__hover=\u00bbnull\u00bb button_one_bg_color__hover_enabled=\u00bboff\u00bb button_one_bg_color__hover=\u00bbnull\u00bb button_two_bg_color__hover_enabled=\u00bboff\u00bb button_two_bg_color__hover=\u00bbnull\u00bb]<\/p>\n<p>\u00bfNecesitas una respuesta r\u00e1pida sin comprometer los detalles? Eso es precisamente lo que proporcionan nuestros consultores de reestructuraci\u00f3n empresarial.<\/p>\n<p>[\/et_pb_cta][et_pb_code _builder_version=\u00bb4.16&#8243; _module_preset=\u00bbdefault\u00bb global_colors_info=\u00bb{}\u00bb]<script type=\"application\/ld+json\">{<!-- [et_pb_line_break_holder] -->        \"@context\": \"http:\/\/schema.org\/\",<!-- [et_pb_line_break_holder] -->        \"@type\": \"Service\", <!-- [et_pb_line_break_holder] -->        \"serviceType\": \"Business Turnaround Consultant - Turnaround Management Consulting\",<!-- [et_pb_line_break_holder] -->        \"url\": \"https:\/\/www.panorama-consulting.com\/services\/turnaround-analysis\/\",<!-- [et_pb_line_break_holder] -->        \"description\": \"The objective of our business turnaround consultants is to determine the severity of the situation and whether it can be turned around. This analysis culminates in formulating a preliminary action plan stating what is wrong, how to fix the situation, key strategies to turn the entity in a positive direction, and a cash flow forecast to understand cash usage. This analysis answers questions like, \u201cIs this business viable?\u201d \u201cShould we save it?\u201d \u201cDo we have the cash resources to fuel the turnaround?\",<!-- [et_pb_line_break_holder] -->        \"image\": \"https:\/\/www.panorama-consulting.com\/wp-content\/uploads\/2019\/07\/decision.jpg.webp\",<!-- [et_pb_line_break_holder] -->        \"provider\": {<!-- [et_pb_line_break_holder] -->        \"@type\": \"Organization\",<!-- [et_pb_line_break_holder] -->        \"logo\":\"https:\/\/www.panorama-consulting.com\/wp-content\/uploads\/2021\/10\/PCG-Logo-Color.svg\",<!-- [et_pb_line_break_holder] -->        \"name\": \"Panorama Consulting Group\",<!-- [et_pb_line_break_holder] -->        \"telephone\": \"(720) 515-1377\",<!-- [et_pb_line_break_holder] -->        \"address\": {<!-- [et_pb_line_break_holder] -->        \"@type\": \"PostalAddress\",<!-- [et_pb_line_break_holder] -->        \"streetAddress\": \"2000 S Colorado Blvd Tower 1, Suite 2000-407\",<!-- [et_pb_line_break_holder] -->        \"addressLocality\": \"Denver\",<!-- [et_pb_line_break_holder] -->        \"addressRegion\": \"Colorado\",<!-- [et_pb_line_break_holder] -->        \"postalCode\": \"80222\",<!-- [et_pb_line_break_holder] -->        \"addressCountry\": \"USA\"<!-- [et_pb_line_break_holder] -->        },<!-- [et_pb_line_break_holder] -->        \"areaServed\":\"Alabama, Alaska, American Samoa, Arizona, Arkansas, California, Colorado, Connecticut, Delaware, District of Columbia, Florida, Georgia, Guam, Hawaii, Idaho, Illinois, Indiana, Iowa, Kansas, Kentucky, Louisiana, Maine, Maryland, Massachusetts, Michigan, Minnesota, Minor Outlying Islands, Mississippi, Missouri, Montana, Nebraska, Nevada, New Hampshire, New Jersey, New Mexico, New York, North Carolina, North Dakota, Northern Mariana Islands, Ohio, Oklahoma, Oregon, Pennsylvania, Puerto Rico, Rhode Island, South Carolina, South Dakota, Tennessee, Texas, U.S. Virgin Islands, Utah, Vermont, Virginia, Washington, West Virginia, Wisconsin, Wyoming\"<!-- [et_pb_line_break_holder] -->        }}<!-- [et_pb_line_break_holder] -->        <\/script>[\/et_pb_code][\/et_pb_column][\/et_pb_row][\/et_pb_section]<\/p>\n","protected":false},"excerpt":{"rendered":"<p>Diagnostique sus Situaciones con Nuestros Servicios de Consultor\u00eda en Gesti\u00f3n de Cambios en Procesos de Transformaci\u00f3n Nuestros servicios de consultor\u00eda de gesti\u00f3n de reestructuraci\u00f3n incluyen descubrimientos, reestructuraci\u00f3n financiera, reducci\u00f3n de costos y oportunidades de mejora de ingresos.El objetivo de la Consultor\u00eda de Gesti\u00f3n de Cambio en los Procesos de Transformaci\u00f3nEl objetivo de nuestros consultores de [&hellip;]<\/p>\n","protected":false},"author":306,"featured_media":0,"parent":0,"menu_order":0,"comment_status":"closed","ping_status":"closed","template":"","meta":{"_acf_changed":false,"_et_pb_use_builder":"on","_et_pb_old_content":"","_et_gb_content_width":"","inline_featured_image":false,"footnotes":""},"class_list":["post-260544","page","type-page","status-publish","hentry"],"acf":[],"jetpack_sharing_enabled":true,"_links":{"self":[{"href":"https:\/\/www.panorama-consulting.com\/es\/wp-json\/wp\/v2\/pages\/260544","targetHints":{"allow":["GET"]}}],"collection":[{"href":"https:\/\/www.panorama-consulting.com\/es\/wp-json\/wp\/v2\/pages"}],"about":[{"href":"https:\/\/www.panorama-consulting.com\/es\/wp-json\/wp\/v2\/types\/page"}],"author":[{"embeddable":true,"href":"https:\/\/www.panorama-consulting.com\/es\/wp-json\/wp\/v2\/users\/306"}],"replies":[{"embeddable":true,"href":"https:\/\/www.panorama-consulting.com\/es\/wp-json\/wp\/v2\/comments?post=260544"}],"version-history":[{"count":0,"href":"https:\/\/www.panorama-consulting.com\/es\/wp-json\/wp\/v2\/pages\/260544\/revisions"}],"wp:attachment":[{"href":"https:\/\/www.panorama-consulting.com\/es\/wp-json\/wp\/v2\/media?parent=260544"}],"curies":[{"name":"wp","href":"https:\/\/api.w.org\/{rel}","templated":true}]}}