{"id":260497,"date":"2019-01-29T12:22:05","date_gmt":"2019-01-29T19:22:05","guid":{"rendered":"https:\/\/www.panorama-consulting.com\/erp-consultations\/"},"modified":"2025-10-28T12:20:44","modified_gmt":"2025-10-28T18:20:44","slug":"consultas-erp","status":"publish","type":"page","link":"https:\/\/www.panorama-consulting.com\/es\/consultas-erp\/","title":{"rendered":"Consultas de ERP"},"content":{"rendered":"<p>[et_pb_section fb_built=\u00bb1&#8243; admin_label=\u00bbPage Header Blue\u00bb _builder_version=\u00bb4.18.0&#8243; _module_preset=\u00bbdefault\u00bb background_color=\u00bb#ffffff\u00bb width=\u00bb82%\u00bb module_alignment=\u00bbcenter\u00bb custom_margin=\u00bb15px||15px||true|false\u00bb custom_padding=\u00bb17px||17px||true|false\u00bb saved_tabs=\u00bball\u00bb locked=\u00bboff\u00bb collapsed=\u00bboff\u00bb global_colors_info=\u00bb{}\u00bb][et_pb_row module_class=\u00bb et_pb_row_fullwidth et_pb_row_fullwidth et_pb_row_fullwidth et_pb_row_fullwidth et_pb_row_fullwidth et_pb_row_fullwidth et_pb_row_fullwidth et_pb_row_fullwidth et_pb_row_fullwidth et_pb_row_fullwidth et_pb_row_fullwidth et_pb_row_fullwidth et_pb_row_fullwidth et_pb_row_fullwidth et_pb_row_fullwidth et_pb_row_fullwidth et_pb_row_fullwidth et_pb_row_fullwidth et_pb_row_fullwidth et_pb_row_fullwidth et_pb_row_fullwidth et_pb_row_fullwidth et_pb_row_fullwidth et_pb_row_fullwidth et_pb_row_fullwidth et_pb_row_fullwidth et_pb_row_fullwidth et_pb_row_fullwidth et_pb_row_fullwidth et_pb_row_fullwidth et_pb_row_fullwidth et_pb_row_fullwidth et_pb_row_fullwidth et_pb_row_fullwidth et_pb_row_fullwidth et_pb_row_fullwidth et_pb_row_fullwidth et_pb_row_fullwidth et_pb_row_fullwidth et_pb_row_fullwidth et_pb_row_fullwidth et_pb_row_fullwidth et_pb_row_fullwidth et_pb_row_fullwidth et_pb_row_fullwidth et_pb_row_fullwidth et_pb_row_fullwidth et_pb_row_fullwidth et_pb_row_fullwidth et_pb_row_fullwidth et_pb_row_fullwidth et_pb_row_fullwidth et_pb_row_fullwidth et_pb_row_fullwidth et_pb_row_fullwidth\u00bb _builder_version=\u00bb4.18.0&#8243; background_size=\u00bbinitial\u00bb background_position=\u00bbtop_left\u00bb background_repeat=\u00bbrepeat\u00bb width=\u00bb89%\u00bb width_tablet=\u00bb80%\u00bb width_phone=\u00bb\u00bb width_last_edited=\u00bbon|desktop\u00bb max_width=\u00bb89%\u00bb max_width_tablet=\u00bb80%\u00bb max_width_phone=\u00bb\u00bb max_width_last_edited=\u00bbon|desktop\u00bb custom_margin=\u00bb0px||0px||true\u00bb custom_padding=\u00bb0px|20px|0px|20px|true|true\u00bb make_fullwidth=\u00bbon\u00bb global_colors_info=\u00bb{}\u00bb][et_pb_column type=\u00bb4_4&#8243; _builder_version=\u00bb4.16&#8243; custom_padding=\u00bb|||\u00bb global_colors_info=\u00bb{}\u00bb custom_padding__hover=\u00bb|||\u00bb][et_pb_post_title meta=\u00bboff\u00bb featured_image=\u00bboff\u00bb admin_label=\u00bbPost Title\u00bb _builder_version=\u00bb4.18.0&#8243; _module_preset=\u00bbdefault\u00bb title_font=\u00bb|300|||||||\u00bb title_text_align=\u00bbcenter\u00bb title_line_height=\u00bb1.3em\u00bb global_colors_info=\u00bb{}\u00bb][\/et_pb_post_title][\/et_pb_column][\/et_pb_row][\/et_pb_section][et_pb_section fb_built=\u00bb1&#8243; _builder_version=\u00bb4.16&#8243; custom_padding=\u00bb9px|||||\u00bb global_colors_info=\u00bb{}\u00bb][et_pb_row _builder_version=\u00bb4.16&#8243; global_colors_info=\u00bb{}\u00bb][et_pb_column type=\u00bb4_4&#8243; _builder_version=\u00bb4.16&#8243; custom_padding=\u00bb|||\u00bb global_colors_info=\u00bb{}\u00bb custom_padding__hover=\u00bb|||\u00bb][et_pb_text _builder_version=\u00bb4.21.0&#8243; global_colors_info=\u00bb{}\u00bb]<\/p>\n<p>Ya sea que est\u00e9 evaluando sistemas ERP o reconociendo la necesidad de gesti\u00f3n de cambio y gesti\u00f3n de proyectos de ERP, su organizaci\u00f3n depende de usted. Debe liberarlos del siglo XX y no puede defraudarlos.<\/p>\n<p>Solicite una consulta gratuita de ERP con uno o m\u00e1s de nuestros expertos completando el formulario a continuaci\u00f3n. Le proporcionaremos el asesoramiento personalizado de ERP que busca.<\/p>\n<p>\u00bfNecesita su organizaci\u00f3n una mejor visibilidad de los datos? \u00bfEst\u00e1 harto de los cuellos de botella? Lo guiaremos a trav\u00e9s del proceso de planificaci\u00f3n de ERP para que pueda formular un plan que apunte a los puntos de dolor m\u00e1s dif\u00edciles de solucionar.<\/p>\n<p>[\/et_pb_text][\/et_pb_column][\/et_pb_row][et_pb_row _builder_version=\u00bb4.16&#8243; global_colors_info=\u00bb{}\u00bb][et_pb_column type=\u00bb4_4&#8243; _builder_version=\u00bb4.16&#8243; custom_padding=\u00bb|||\u00bb global_colors_info=\u00bb{}\u00bb custom_padding__hover=\u00bb|||\u00bb][et_pb_text admin_label=\u00bbTypical Discussion Topics for an ERP Consultation\u00bb _builder_version=\u00bb4.21.0&#8243; text_text_color=\u00bb#2e2e2e\u00bb header_2_font=\u00bb|300|||||||\u00bb header_2_text_color=\u00bb#2e2e2e\u00bb header_2_line_height=\u00bb1.2&#8243; header_3_font=\u00bb|300|||||||\u00bb header_3_text_color=\u00bb#2e2e2e\u00bb header_3_line_height=\u00bb1.2&#8243; header_4_font=\u00bb|300|||||||\u00bb header_4_text_color=\u00bb#2e2e2e\u00bb header_4_line_height=\u00bb1.2&#8243; header_5_font=\u00bb|300|||||||\u00bb header_5_text_color=\u00bb#2e2e2e\u00bb header_5_line_height=\u00bb1.2&#8243; header_6_font=\u00bb|300|||||||\u00bb header_6_text_color=\u00bb#2e2e2e\u00bb header_6_line_height=\u00bb1.2&#8243; header_2_font_size_tablet=\u00bb\u00bb header_2_font_size_phone=\u00bb30&#8243; header_2_font_size_last_edited=\u00bbon|desktop\u00bb global_colors_info=\u00bb{}\u00bb]<\/p>\n<h2>Solicite una consulta de ERP gratuita (o una consulta de transformaci\u00f3n empresarial)<\/h2>\n<p>[\/et_pb_text][\/et_pb_column][\/et_pb_row][et_pb_row _builder_version=\u00bb4.16&#8243; global_colors_info=\u00bb{}\u00bb][et_pb_column type=\u00bb4_4&#8243; admin_label=\u00bbColumna\u00bb _builder_version=\u00bb4.16&#8243; global_colors_info=\u00bb{}\u00bb][et_pb_code _builder_version=\u00bb4.27.4&#8243; hover_enabled=\u00bb0&#8243; global_colors_info=\u00bb{}\u00bb sticky_enabled=\u00bb0&#8243;]<!-- [if lte IE 8]><!-- [et_pb_line_break_holder] --><script charset=\"utf-8\" type=\"text\/javascript\" src=\"\/\/js.hsforms.net\/forms\/v2-legacy.js\"><\/script><![endif]--><script charset=\"utf-8\" type=\"text\/javascript\" src=\"\/\/js.hsforms.net\/forms\/embed\/v2.js\"><\/script><!-- [et_pb_line_break_holder] --><script><!-- [et_pb_line_break_holder] -->  hbspt.forms.create({<!-- [et_pb_line_break_holder] -->    region: \"na1\",<!-- [et_pb_line_break_holder] -->    portalId: \"4439340\",<!-- [et_pb_line_break_holder] -->    formId: \"eb89b0a5-bf41-4be8-816c-644fc9d45661\",  <!-- [et_pb_line_break_holder] -->\t\tonFormSubmitted: function($form, data) {<!-- [et_pb_line_break_holder] -->      window.dataLayer = window.dataLayer || [];<!-- [et_pb_line_break_holder] -->      const {email, phone} = data.submissionValues;<!-- [et_pb_line_break_holder] -->      dataLayer.push({<!-- [et_pb_line_break_holder] -->        event: 'form_success',<!-- [et_pb_line_break_holder] -->        user_name: String($form.find('input[name=\"firstname\"]').val()),<!-- [et_pb_line_break_holder] -->        user_email: email,<!-- [et_pb_line_break_holder] -->        user_phone: phone<!-- [et_pb_line_break_holder] -->      });<!-- [et_pb_line_break_holder] -->  \t} <!-- [et_pb_line_break_holder] -->  });<!-- [et_pb_line_break_holder] --><\/script>[\/et_pb_code][\/et_pb_column][\/et_pb_row][et_pb_row _builder_version=\u00bb4.16&#8243; global_colors_info=\u00bb{}\u00bb][et_pb_column type=\u00bb4_4&#8243; _builder_version=\u00bb4.16&#8243; custom_padding=\u00bb|||\u00bb global_colors_info=\u00bb{}\u00bb custom_padding__hover=\u00bb|||\u00bb][et_pb_text admin_label=\u00bbTypical Discussion Topics for an ERP Consultation\u00bb _builder_version=\u00bb4.21.0&#8243; text_text_color=\u00bb#2e2e2e\u00bb header_2_font=\u00bb|300|||||||\u00bb header_2_text_color=\u00bb#2e2e2e\u00bb header_2_line_height=\u00bb1.2&#8243; header_3_font=\u00bb|300|||||||\u00bb header_3_text_color=\u00bb#2e2e2e\u00bb header_3_line_height=\u00bb1.2&#8243; header_4_font=\u00bb|300|||||||\u00bb header_4_text_color=\u00bb#2e2e2e\u00bb header_4_line_height=\u00bb1.2&#8243; header_5_font=\u00bb|300|||||||\u00bb header_5_text_color=\u00bb#2e2e2e\u00bb header_5_line_height=\u00bb1.2&#8243; header_6_font=\u00bb|300|||||||\u00bb header_6_text_color=\u00bb#2e2e2e\u00bb header_6_line_height=\u00bb1.2&#8243; header_2_font_size_tablet=\u00bb\u00bb header_2_font_size_phone=\u00bb30&#8243; header_2_font_size_last_edited=\u00bbon|desktop\u00bb global_colors_info=\u00bb{}\u00bb]<\/p>\n<h2>Temas Comunes de Discusi\u00f3n<\/h2>\n<p>[\/et_pb_text][\/et_pb_column][\/et_pb_row][et_pb_row _builder_version=\u00bb4.16&#8243; global_colors_info=\u00bb{}\u00bb][et_pb_column type=\u00bb4_4&#8243; _builder_version=\u00bb4.16&#8243; custom_padding=\u00bb|||\u00bb global_colors_info=\u00bb{}\u00bb custom_padding__hover=\u00bb|||\u00bb][et_pb_text admin_label=\u00bbWhat Internal Resources Will I Need for ERP Selection and Implementation?\u00bb _builder_version=\u00bb4.21.0&#8243; header_2_font=\u00bb|300|||||||\u00bb header_2_text_color=\u00bb#1f66b1&#8243; header_2_line_height=\u00bb1.2em\u00bb header_3_font=\u00bb|300|||||||\u00bb header_3_text_color=\u00bb#1f66b1&#8243; header_3_line_height=\u00bb1.2em\u00bb header_4_font=\u00bb|300|||||||\u00bb header_4_text_color=\u00bb#1f66b1&#8243; header_4_line_height=\u00bb1.2em\u00bb header_5_font=\u00bb|300|||||||\u00bb header_5_text_color=\u00bb#1f66b1&#8243; header_5_line_height=\u00bb1.2em\u00bb header_6_font=\u00bb|300|||||||\u00bb header_6_text_color=\u00bb#1f66b1&#8243; header_6_line_height=\u00bb1.2em\u00bb header_2_font_size_tablet=\u00bb\u00bb header_2_font_size_phone=\u00bb30px\u00bb header_2_font_size_last_edited=\u00bbon|phone\u00bb z_index_tablet=\u00bb500&#8243; global_colors_info=\u00bb{}\u00bb]<\/p>\n<h3>\u00bfQu\u00e9 recursos internos necesitar\u00e9 para la selecci\u00f3n e implementaci\u00f3n de ERP?<\/h3>\n<p>[\/et_pb_text][\/et_pb_column][\/et_pb_row][et_pb_row _builder_version=\u00bb4.16&#8243; global_colors_info=\u00bb{}\u00bb][et_pb_column type=\u00bb4_4&#8243; _builder_version=\u00bb4.16&#8243; custom_padding=\u00bb|||\u00bb global_colors_info=\u00bb{}\u00bb custom_padding__hover=\u00bb|||\u00bb][et_pb_text _builder_version=\u00bb4.21.0&#8243; global_colors_info=\u00bb{}\u00bb]<\/p>\n<p>Las organizaciones desean saber cu\u00e1nto compromiso interno necesitar\u00e1n para la planificaci\u00f3n ERP y la integraci\u00f3n del sistema. Durante las consultas de ERP, podemos decirle qu\u00e9 opciones tiene si se encuentra con limitaciones de recursos. \u00bfNecesitar\u00e1 ampliar la capacidad? Asesoramos a las organizaciones en la determinaci\u00f3n de la combinaci\u00f3n correcta de recursos internos y externos en funci\u00f3n de su situaci\u00f3n \u00fanica.<\/p>\n<p>[\/et_pb_text][\/et_pb_column][\/et_pb_row][et_pb_row _builder_version=\u00bb4.16&#8243; global_colors_info=\u00bb{}\u00bb][et_pb_column type=\u00bb4_4&#8243; _builder_version=\u00bb4.16&#8243; custom_padding=\u00bb|||\u00bb global_colors_info=\u00bb{}\u00bb custom_padding__hover=\u00bb|||\u00bb][et_pb_text admin_label=\u00bbWhat Vendors are Viable?\u00bb _builder_version=\u00bb4.21.0&#8243; header_2_font=\u00bb|300|||||||\u00bb header_2_text_color=\u00bb#1f66b1&#8243; header_2_line_height=\u00bb1.2em\u00bb header_3_font=\u00bb|300|||||||\u00bb header_3_text_color=\u00bb#1f66b1&#8243; header_3_line_height=\u00bb1.2em\u00bb header_4_font=\u00bb|300|||||||\u00bb header_4_text_color=\u00bb#1f66b1&#8243; header_4_line_height=\u00bb1.2em\u00bb header_5_font=\u00bb|300|||||||\u00bb header_5_text_color=\u00bb#1f66b1&#8243; header_5_line_height=\u00bb1.2em\u00bb header_6_font=\u00bb|300|||||||\u00bb header_6_text_color=\u00bb#1f66b1&#8243; header_6_line_height=\u00bb1.2em\u00bb header_2_font_size_tablet=\u00bb\u00bb header_2_font_size_phone=\u00bb30px\u00bb header_2_font_size_last_edited=\u00bbon|phone\u00bb z_index_tablet=\u00bb500&#8243; global_colors_info=\u00bb{}\u00bb]<\/p>\n<h3>\u00bfQu\u00e9 proveedores son viables?<\/h3>\n<p>[\/et_pb_text][\/et_pb_column][\/et_pb_row][et_pb_row _builder_version=\u00bb4.16&#8243; global_colors_info=\u00bb{}\u00bb][et_pb_column type=\u00bb4_4&#8243; _builder_version=\u00bb4.16&#8243; custom_padding=\u00bb|||\u00bb global_colors_info=\u00bb{}\u00bb custom_padding__hover=\u00bb|||\u00bb][et_pb_text _builder_version=\u00bb4.21.0&#8243; global_colors_info=\u00bb{}\u00bb]<\/p>\n<p>Los Proveedores de ERP frecuentemente cancelan productos en los que ya no planean invertir. En ese sentido, muchas organizaciones est\u00e1n utilizando sistemas de software que pronto se retirar\u00e1n del mercado. Otras organizaciones desean evitar la implementaci\u00f3n de dichos sistemas, pero no est\u00e1n seguras de c\u00f3mo evaluar la viabilidad del producto o del proveedor. Hemos aprendido a identificar r\u00e1pidamente los productos que se encuentran en la fase de caducidad. Nuestras Consultas de ERP brindan asesoramiento confiable gracias a nuestra experiencia con la planificaci\u00f3n de ERP y la integraci\u00f3n de sistemas en cientos de sistemas de ERP.<\/p>\n<p>La exageraci\u00f3n de las ventas de los proveedores en torno al ERP en la nube puede crear confusi\u00f3n en esta \u00e1rea. Si bien los proveedores est\u00e1n retirando la inversi\u00f3n de muchos sistemas locales y trasladando estos sistemas a la nube (como el cambio de Infor a Infor CloudSuite) este no es el caso con todos los sistemas locales. \u00bfSAP, Oracle y Microsoft Dynamics todav\u00eda tienen soluciones locales viables? Desc\u00fabralo programando una consulta de ERP hoy mismo.<\/p>\n<p>[\/et_pb_text][\/et_pb_column][\/et_pb_row][et_pb_row _builder_version=\u00bb4.16&#8243; global_colors_info=\u00bb{}\u00bb][et_pb_column type=\u00bb4_4&#8243; _builder_version=\u00bb4.16&#8243; custom_padding=\u00bb|||\u00bb global_colors_info=\u00bb{}\u00bb custom_padding__hover=\u00bb|||\u00bb][et_pb_text admin_label=\u00bbWhat is a Realistic Budget and Timeline for ERP Implementation?\u00bb _builder_version=\u00bb4.21.0&#8243; header_2_font=\u00bb|300|||||||\u00bb header_2_text_color=\u00bb#1f66b1&#8243; header_2_line_height=\u00bb1.2em\u00bb header_3_font=\u00bb|300|||||||\u00bb header_3_text_color=\u00bb#1f66b1&#8243; header_3_line_height=\u00bb1.2em\u00bb header_4_font=\u00bb|300|||||||\u00bb header_4_text_color=\u00bb#1f66b1&#8243; header_4_line_height=\u00bb1.2em\u00bb header_5_font=\u00bb|300|||||||\u00bb header_5_text_color=\u00bb#1f66b1&#8243; header_5_line_height=\u00bb1.2em\u00bb header_6_font=\u00bb|300|||||||\u00bb header_6_text_color=\u00bb#1f66b1&#8243; header_6_line_height=\u00bb1.2em\u00bb header_2_font_size_tablet=\u00bb\u00bb header_2_font_size_phone=\u00bb30px\u00bb header_2_font_size_last_edited=\u00bbon|phone\u00bb z_index_tablet=\u00bb500&#8243; global_colors_info=\u00bb{}\u00bb]<\/p>\n<h3>\u00bfQu\u00e9 es un presupuesto y un cronograma realistas para la implementaci\u00f3n de ERP?<\/h3>\n<p>[\/et_pb_text][\/et_pb_column][\/et_pb_row][et_pb_row _builder_version=\u00bb4.16&#8243; global_colors_info=\u00bb{}\u00bb][et_pb_column type=\u00bb4_4&#8243; _builder_version=\u00bb4.16&#8243; custom_padding=\u00bb|||\u00bb global_colors_info=\u00bb{}\u00bb custom_padding__hover=\u00bb|||\u00bb][et_pb_text _builder_version=\u00bb4.21.0&#8243; global_colors_info=\u00bb{}\u00bb]<\/p>\n<p>La mayor\u00eda de las organizaciones no est\u00e1n interesadas en la transformaci\u00f3n digital (en el sentido de nuevos modelos operativos y nuevas l\u00edneas de negocio). Sin embargo, muchas organizaciones desean optimizar sus operaciones de arriba hacia abajo y mejorar sus procesos comerciales de extremo a extremo. Esto implica un cambio a gran escala. Nuestros consultores de ERP ayudan a las organizaciones a comprender su alcance de cambio para que puedan establecer expectativas realistas de presupuesto y cronograma.<\/p>\n<p>[\/et_pb_text][\/et_pb_column][\/et_pb_row][et_pb_row _builder_version=\u00bb4.16&#8243; global_colors_info=\u00bb{}\u00bb][et_pb_column type=\u00bb4_4&#8243; _builder_version=\u00bb4.16&#8243; custom_padding=\u00bb|||\u00bb global_colors_info=\u00bb{}\u00bb custom_padding__hover=\u00bb|||\u00bb][et_pb_text admin_label=\u00bbHow Can I Convince Executives to Invest in New ERP Software?\u00bb _builder_version=\u00bb4.21.0&#8243; header_2_font=\u00bb|300|||||||\u00bb header_2_text_color=\u00bb#1f66b1&#8243; header_2_line_height=\u00bb1.2em\u00bb header_3_font=\u00bb|300|||||||\u00bb header_3_text_color=\u00bb#1f66b1&#8243; header_3_line_height=\u00bb1.2em\u00bb header_4_font=\u00bb|300|||||||\u00bb header_4_text_color=\u00bb#1f66b1&#8243; header_4_line_height=\u00bb1.2em\u00bb header_5_font=\u00bb|300|||||||\u00bb header_5_text_color=\u00bb#1f66b1&#8243; header_5_line_height=\u00bb1.2em\u00bb header_6_font=\u00bb|300|||||||\u00bb header_6_text_color=\u00bb#1f66b1&#8243; header_6_line_height=\u00bb1.2em\u00bb header_2_font_size_tablet=\u00bb\u00bb header_2_font_size_phone=\u00bb30px\u00bb header_2_font_size_last_edited=\u00bbon|phone\u00bb z_index_tablet=\u00bb500&#8243; global_colors_info=\u00bb{}\u00bb]<\/p>\n<h3>\u00bfC\u00f3mo puedo convencer a los ejecutivos para que inviertan en un nuevo software ERP?<\/h3>\n<p>[\/et_pb_text][\/et_pb_column][\/et_pb_row][et_pb_row _builder_version=\u00bb4.16&#8243; global_colors_info=\u00bb{}\u00bb][et_pb_column type=\u00bb4_4&#8243; _builder_version=\u00bb4.16&#8243; custom_padding=\u00bb|||\u00bb global_colors_info=\u00bb{}\u00bb custom_padding__hover=\u00bb|||\u00bb][et_pb_text _builder_version=\u00bb4.21.0&#8243; global_colors_info=\u00bb{}\u00bb]<\/p>\n<p>Si bien los puntos d\u00e9biles de su sistema ERP existente pueden ser claros para usted, los ejecutivos necesitan razones m\u00e1s tangibles para invertir en ERP. Durante las consultas de ERP, enfatizamos en la importancia de desarrollar un caso de negocio de ERP que estime los beneficios comerciales cuantificables del nuevo software de planificaci\u00f3n de recursos empresariales. Un caso de negocio es la base para medir la realizaci\u00f3n de beneficios a lo largo de la implementaci\u00f3n. Es la herramienta principal que utilizan las organizaciones para crear y mantener la aceptaci\u00f3n entre los ejecutivos y las otras partes interesadas del negocio.<\/p>\n<p>[\/et_pb_text][\/et_pb_column][\/et_pb_row][et_pb_row _builder_version=\u00bb4.16&#8243; global_colors_info=\u00bb{}\u00bb][et_pb_column type=\u00bb4_4&#8243; _builder_version=\u00bb4.16&#8243; custom_padding=\u00bb|||\u00bb global_colors_info=\u00bb{}\u00bb custom_padding__hover=\u00bb|||\u00bb][et_pb_text admin_label=\u00bbHow Can I Mitigate Risk and Achieve a High ERP ROI?\u00bb _builder_version=\u00bb4.21.0&#8243; header_2_font=\u00bb|300|||||||\u00bb header_2_text_color=\u00bb#1f66b1&#8243; header_2_line_height=\u00bb1.2em\u00bb header_3_font=\u00bb|300|||||||\u00bb header_3_text_color=\u00bb#1f66b1&#8243; header_3_line_height=\u00bb1.2em\u00bb header_4_font=\u00bb|300|||||||\u00bb header_4_text_color=\u00bb#1f66b1&#8243; header_4_line_height=\u00bb1.2em\u00bb header_5_font=\u00bb|300|||||||\u00bb header_5_text_color=\u00bb#1f66b1&#8243; header_5_line_height=\u00bb1.2em\u00bb header_6_font=\u00bb|300|||||||\u00bb header_6_text_color=\u00bb#1f66b1&#8243; header_6_line_height=\u00bb1.2em\u00bb header_2_font_size_tablet=\u00bb\u00bb header_2_font_size_phone=\u00bb30px\u00bb header_2_font_size_last_edited=\u00bbon|phone\u00bb z_index_tablet=\u00bb500&#8243; global_colors_info=\u00bb{}\u00bb]<\/p>\n<h3>\u00bfC\u00f3mo puedo mitigar el riesgo y lograr un alto ROI de ERP?<\/h3>\n<p>[\/et_pb_text][\/et_pb_column][\/et_pb_row][et_pb_row _builder_version=\u00bb4.16&#8243; global_colors_info=\u00bb{}\u00bb][et_pb_column type=\u00bb4_4&#8243; _builder_version=\u00bb4.16&#8243; custom_padding=\u00bb|||\u00bb global_colors_info=\u00bb{}\u00bb custom_padding__hover=\u00bb|||\u00bb][et_pb_text _builder_version=\u00bb4.21.0&#8243; global_colors_info=\u00bb{}\u00bb]<\/p>\n<p>Los ejecutivos y gerentes de TI que se comunican con nosotros a menudo se encuentran bajo presi\u00f3n para seleccionar tecnolog\u00eda que ofrezca un alto retorno de la inversi\u00f3n. A trav\u00e9s de las consultas de ERP, buscan nuestro consejo porque saben que el costo de la falla supera el costo de los Consultores de ERP. Bas\u00e1ndonos en nuestra experiencia como testigos expertos en ERP, brindamos informaci\u00f3n sobre las mejores pr\u00e1cticas para evitar fallas en el ERP. Destacamos la importancia de la Gesti\u00f3n del Cambio y de la <https:\/\/www.panorama-consulting.com\/es\/reingenieria-procesos-empresariales\/\">Reingenier\u00eda de Procesos Empresariales<\/a>.<\/p>\n<p>[\/et_pb_text][\/et_pb_column][\/et_pb_row][et_pb_row _builder_version=\u00bb4.16&#8243; global_colors_info=\u00bb{}\u00bb][et_pb_column type=\u00bb4_4&#8243; _builder_version=\u00bb4.16&#8243; custom_padding=\u00bb|||\u00bb global_colors_info=\u00bb{}\u00bb custom_padding__hover=\u00bb|||\u00bb][et_pb_text admin_label=\u00bbWhat Does Organizational Change Management Involve?\u00bb _builder_version=\u00bb4.21.0&#8243; header_2_font=\u00bb|300|||||||\u00bb header_2_text_color=\u00bb#1f66b1&#8243; header_2_line_height=\u00bb1.2em\u00bb header_3_font=\u00bb|300|||||||\u00bb header_3_text_color=\u00bb#1f66b1&#8243; header_3_line_height=\u00bb1.2em\u00bb header_4_font=\u00bb|300|||||||\u00bb header_4_text_color=\u00bb#1f66b1&#8243; header_4_line_height=\u00bb1.2em\u00bb header_5_font=\u00bb|300|||||||\u00bb header_5_text_color=\u00bb#1f66b1&#8243; header_5_line_height=\u00bb1.2em\u00bb header_6_font=\u00bb|300|||||||\u00bb header_6_text_color=\u00bb#1f66b1&#8243; header_6_line_height=\u00bb1.2em\u00bb header_2_font_size_tablet=\u00bb\u00bb header_2_font_size_phone=\u00bb30px\u00bb header_2_font_size_last_edited=\u00bbon|phone\u00bb z_index_tablet=\u00bb500&#8243; global_colors_info=\u00bb{}\u00bb]<\/p>\n<h3>\u00bfQu\u00e9 implica la gesti\u00f3n del Cambio Organizacional?<\/h3>\n<p>[\/et_pb_text][\/et_pb_column][\/et_pb_row][et_pb_row _builder_version=\u00bb4.16&#8243; global_colors_info=\u00bb{}\u00bb][et_pb_column type=\u00bb4_4&#8243; _builder_version=\u00bb4.16&#8243; custom_padding=\u00bb|||\u00bb global_colors_info=\u00bb{}\u00bb custom_padding__hover=\u00bb|||\u00bb][et_pb_text _builder_version=\u00bb4.21.0&#8243; custom_padding=\u00bb6px|||||\u00bb global_colors_info=\u00bb{}\u00bb]<\/p>\n<p>La gesti\u00f3n del cambio generalmente implica capacitaci\u00f3n personalizada, evaluaciones de preparaci\u00f3n comercial, evaluaciones de impacto del cambio, grupos de enfoque y un plan de comunicaci\u00f3n. Estas son s\u00f3lo algunas de las actividades que utilizamos para ayudar a las organizaciones a aumentar la aceptaci\u00f3n de los empleados durante un cambio a gran escala.<\/p>\n<p>[\/et_pb_text][\/et_pb_column][\/et_pb_row][et_pb_row _builder_version=\u00bb4.16&#8243; global_colors_info=\u00bb{}\u00bb][et_pb_column type=\u00bb4_4&#8243; _builder_version=\u00bb4.16&#8243; custom_padding=\u00bb|||\u00bb global_colors_info=\u00bb{}\u00bb custom_padding__hover=\u00bb|||\u00bb][et_pb_text admin_label=\u00bbSchedule an ERP Consultation\u00bb _builder_version=\u00bb4.21.0&#8243; header_2_font=\u00bb|300|||||||\u00bb header_2_text_color=\u00bb#1f66b1&#8243; header_2_line_height=\u00bb1.2em\u00bb header_3_font=\u00bb|300|||||||\u00bb header_3_text_color=\u00bb#1f66b1&#8243; header_3_line_height=\u00bb1.2em\u00bb header_4_font=\u00bb|300|||||||\u00bb header_4_text_color=\u00bb#1f66b1&#8243; header_4_line_height=\u00bb1.2em\u00bb header_5_font=\u00bb|300|||||||\u00bb header_5_text_color=\u00bb#1f66b1&#8243; header_5_line_height=\u00bb1.2em\u00bb header_6_font=\u00bb|300|||||||\u00bb header_6_text_color=\u00bb#1f66b1&#8243; header_6_line_height=\u00bb1.2em\u00bb header_2_font_size_tablet=\u00bb\u00bb header_2_font_size_phone=\u00bb30px\u00bb header_2_font_size_last_edited=\u00bbon|phone\u00bb global_colors_info=\u00bb{}\u00bb]<\/p>\n<h2>Programe su consulta de ERP y obtenga asesoramiento de expertos<\/h2>\n<p>[\/et_pb_text][\/et_pb_column][\/et_pb_row][et_pb_row _builder_version=\u00bb4.16&#8243; global_colors_info=\u00bb{}\u00bb][et_pb_column type=\u00bb4_4&#8243; _builder_version=\u00bb4.16&#8243; custom_padding=\u00bb|||\u00bb global_colors_info=\u00bb{}\u00bb custom_padding__hover=\u00bb|||\u00bb][et_pb_text _builder_version=\u00bb4.21.0&#8243; global_colors_info=\u00bb{}\u00bb]<\/p>\n<p>Los proyectos de ERP son desafiantes. Nuestro equipo de expertos puede proporcionar orientaci\u00f3n de planificaci\u00f3n ERP y asesoramiento personalizado a trav\u00e9s de una consulta gratuita:<\/p>\n<p>[\/et_pb_text][\/et_pb_column][\/et_pb_row][\/et_pb_section]<\/p>\n","protected":false},"excerpt":{"rendered":"<p>Ya sea que est\u00e9 evaluando sistemas ERP o reconociendo la necesidad de gesti\u00f3n de cambio y gesti\u00f3n de proyectos de ERP, su organizaci\u00f3n depende de usted. Debe liberarlos del siglo XX y no puede defraudarlos. Solicite una consulta gratuita de ERP con uno o m\u00e1s de nuestros expertos completando el formulario a continuaci\u00f3n. Le proporcionaremos [&hellip;]<\/p>\n","protected":false},"author":306,"featured_media":0,"parent":0,"menu_order":0,"comment_status":"closed","ping_status":"closed","template":"","meta":{"_acf_changed":false,"_et_pb_use_builder":"on","_et_pb_old_content":"","_et_gb_content_width":"","inline_featured_image":false,"footnotes":""},"class_list":["post-260497","page","type-page","status-publish","hentry"],"acf":[],"jetpack_sharing_enabled":true,"_links":{"self":[{"href":"https:\/\/www.panorama-consulting.com\/es\/wp-json\/wp\/v2\/pages\/260497","targetHints":{"allow":["GET"]}}],"collection":[{"href":"https:\/\/www.panorama-consulting.com\/es\/wp-json\/wp\/v2\/pages"}],"about":[{"href":"https:\/\/www.panorama-consulting.com\/es\/wp-json\/wp\/v2\/types\/page"}],"author":[{"embeddable":true,"href":"https:\/\/www.panorama-consulting.com\/es\/wp-json\/wp\/v2\/users\/306"}],"replies":[{"embeddable":true,"href":"https:\/\/www.panorama-consulting.com\/es\/wp-json\/wp\/v2\/comments?post=260497"}],"version-history":[{"count":0,"href":"https:\/\/www.panorama-consulting.com\/es\/wp-json\/wp\/v2\/pages\/260497\/revisions"}],"wp:attachment":[{"href":"https:\/\/www.panorama-consulting.com\/es\/wp-json\/wp\/v2\/media?parent=260497"}],"curies":[{"name":"wp","href":"https:\/\/api.w.org\/{rel}","templated":true}]}}