{"id":260494,"date":"2018-02-13T16:11:45","date_gmt":"2018-02-13T23:11:45","guid":{"rendered":"https:\/\/www.panorama-consulting.com\/company\/dmca-policy\/"},"modified":"2023-06-14T14:20:09","modified_gmt":"2023-06-14T20:20:09","slug":"politica-dmca","status":"publish","type":"page","link":"https:\/\/www.panorama-consulting.com\/es\/compania\/politica-dmca\/","title":{"rendered":"Pol\u00edtica DMCA"},"content":{"rendered":"<p>[et_pb_section fb_built=\u00bb1&#8243; admin_label=\u00bbPage Header Blue\u00bb _builder_version=\u00bb4.18.0&#8243; _module_preset=\u00bbdefault\u00bb background_color=\u00bb#ffffff\u00bb width=\u00bb82%\u00bb module_alignment=\u00bbcenter\u00bb custom_margin=\u00bb15px||15px||true|false\u00bb custom_padding=\u00bb17px||17px||true|false\u00bb saved_tabs=\u00bball\u00bb locked=\u00bboff\u00bb collapsed=\u00bboff\u00bb global_colors_info=\u00bb{}\u00bb][et_pb_row module_class=\u00bb et_pb_row_fullwidth et_pb_row_fullwidth et_pb_row_fullwidth et_pb_row_fullwidth et_pb_row_fullwidth et_pb_row_fullwidth et_pb_row_fullwidth et_pb_row_fullwidth et_pb_row_fullwidth et_pb_row_fullwidth et_pb_row_fullwidth et_pb_row_fullwidth et_pb_row_fullwidth et_pb_row_fullwidth et_pb_row_fullwidth et_pb_row_fullwidth et_pb_row_fullwidth et_pb_row_fullwidth et_pb_row_fullwidth et_pb_row_fullwidth et_pb_row_fullwidth et_pb_row_fullwidth et_pb_row_fullwidth et_pb_row_fullwidth et_pb_row_fullwidth et_pb_row_fullwidth et_pb_row_fullwidth et_pb_row_fullwidth et_pb_row_fullwidth et_pb_row_fullwidth et_pb_row_fullwidth et_pb_row_fullwidth et_pb_row_fullwidth et_pb_row_fullwidth et_pb_row_fullwidth et_pb_row_fullwidth et_pb_row_fullwidth et_pb_row_fullwidth et_pb_row_fullwidth et_pb_row_fullwidth et_pb_row_fullwidth et_pb_row_fullwidth et_pb_row_fullwidth et_pb_row_fullwidth et_pb_row_fullwidth et_pb_row_fullwidth et_pb_row_fullwidth et_pb_row_fullwidth et_pb_row_fullwidth et_pb_row_fullwidth et_pb_row_fullwidth et_pb_row_fullwidth et_pb_row_fullwidth et_pb_row_fullwidth et_pb_row_fullwidth\u00bb _builder_version=\u00bb4.18.0&#8243; background_size=\u00bbinitial\u00bb background_position=\u00bbtop_left\u00bb background_repeat=\u00bbrepeat\u00bb width=\u00bb89%\u00bb width_tablet=\u00bb80%\u00bb width_phone=\u00bb\u00bb width_last_edited=\u00bbon|desktop\u00bb max_width=\u00bb89%\u00bb max_width_tablet=\u00bb80%\u00bb max_width_phone=\u00bb\u00bb max_width_last_edited=\u00bbon|desktop\u00bb custom_margin=\u00bb0px||0px||true\u00bb custom_padding=\u00bb0px|20px|0px|20px|true|true\u00bb make_fullwidth=\u00bbon\u00bb global_colors_info=\u00bb{}\u00bb][et_pb_column type=\u00bb4_4&#8243; _builder_version=\u00bb4.16&#8243; custom_padding=\u00bb|||\u00bb global_colors_info=\u00bb{}\u00bb custom_padding__hover=\u00bb|||\u00bb][et_pb_post_title meta=\u00bboff\u00bb featured_image=\u00bboff\u00bb admin_label=\u00bbPost Title\u00bb _builder_version=\u00bb4.18.0&#8243; _module_preset=\u00bbdefault\u00bb title_font=\u00bb|300|||||||\u00bb title_text_align=\u00bbcenter\u00bb title_line_height=\u00bb1.3em\u00bb global_colors_info=\u00bb{}\u00bb][\/et_pb_post_title][\/et_pb_column][\/et_pb_row][\/et_pb_section][et_pb_section fb_built=\u00bb1&#8243; admin_label=\u00bbsection\u00bb _builder_version=\u00bb4.16&#8243; global_colors_info=\u00bb{}\u00bb][et_pb_row admin_label=\u00bbrow\u00bb _builder_version=\u00bb4.16&#8243; background_size=\u00bbinitial\u00bb background_position=\u00bbtop_left\u00bb background_repeat=\u00bbrepeat\u00bb global_colors_info=\u00bb{}\u00bb][et_pb_column type=\u00bb4_4&#8243; _builder_version=\u00bb4.16&#8243; custom_padding=\u00bb|||\u00bb global_colors_info=\u00bb{}\u00bb custom_padding__hover=\u00bb|||\u00bb][et_pb_text admin_label=\u00bbText\u00bb _builder_version=\u00bb4.21.0&#8243; background_size=\u00bbinitial\u00bb background_position=\u00bbtop_left\u00bb background_repeat=\u00bbrepeat\u00bb global_colors_info=\u00bb{}\u00bb]<\/p>\n<p><strong>Pol\u00edtica DMCA<\/strong><\/p>\n<p>Panorama Consulting Group y este sitio web respetan la propiedad intelectual de otros.<\/p>\n<p>Si cree que su trabajo con derechos de autor ha sido copiado de una manera que constituye una infracci\u00f3n de derechos de autor y est\u00e1 accesible en este sitio, puede notificar a nuestro agente de derechos de autor, como se establece en la Ley de Derechos de Autor del Milenio Digital de 1998 (DMCA). Para que su reclamo sea v\u00e1lido bajo la DMCA, proporci\u00f3nenos la siguiente informaci\u00f3n cuando notifique la supuesta infracci\u00f3n de derechos de autor:<\/p>\n<p>1.) Una firma f\u00edsica o electr\u00f3nica de una persona autorizada para actuar en nombre del propietario del derecho de autor.<\/p>\n<p>2.) Identificaci\u00f3n de la obra con derechos de autor que se afirma ha sido infringida.<\/p>\n<p>3.)\u00a0Identificaci\u00f3n del material que se afirma que infringe o es objeto de la actividad infractora y que debe ser eliminado.<\/p>\n<p>4.) Informaci\u00f3n suficientemente detallada para permitir que el proveedor de servicios se comunique con la parte que presenta la queja, como una direcci\u00f3n, n\u00famero de tel\u00e9fono y, si est\u00e1 disponible, una direcci\u00f3n de correo electr\u00f3nico.<\/p>\n<p>5.) Una declaraci\u00f3n de que la parte que presenta la queja \u00abcree de buena fe que el uso del material de la manera reclamada no est\u00e1 autorizado por el propietario del derecho de autor, su agente o la ley\u00bb.<\/p>\n<p>6.) Una declaraci\u00f3n de que la \u00abinformaci\u00f3n en la notificaci\u00f3n es precisa\u00bb y \u00abbajo pena de perjurio, la parte que presenta la queja est\u00e1 autorizada para actuar en nombre del propietario de un derecho exclusivo que supuestamente se est\u00e1 infringiendo\u00bb.<\/p>\n<p>La informaci\u00f3n anterior debe ser enviada como una notificaci\u00f3n escrita o por correo electr\u00f3nico al siguiente agente designado:<\/p>\n<p>&nbsp;<\/p>\n<p>Panorama Consulting Group<\/p>\n<p>Attn: Legal Department<\/p>\n<p>P.O. Box 3488<br \/>Englewood, CO 80155<\/p>\n<p>Correo Electr\u00f3nico: <a href=\"mailto:legal@panorama-consulting.com\">legal@panorama-consulting.com<\/a><\/p>\n<p>&nbsp;<\/p>\n<p>Advertencia: BAJO LA LEY FEDERAL, SI FALSO DECLARA QUE UN MATERIAL EN L\u00cdNEA EST\u00c1 INFRINGIENDO, PUEDE ESTAR SUJETO A PESADAS MULTAS CIVILES. ESTAS INCLUYEN DA\u00d1OS Y PERJUICIOS, COSTAS DE TRIBUNAL Y HONORARIOS DE ABOGADOS INCURRIDOS POR NOSOTROS, POR CUALQUIER PROPIETARIO DE DERECHOS DE AUTOR O POR CUALQUIER LICENCIATARIO DE UN PROPIETARIO DE DERECHOS DE AUTOR QUE RESULTEN PERJUDICADOS COMO RESULTADO DE NUESTRA CONFIANZA EN SU FALSA DECLARACI\u00d3N. TAMBI\u00c9N PUEDE SER OBJETO DE ENJUICIAMIENTO CRIMINAL POR PERJURIO.<\/p>\n<p>Esta informaci\u00f3n no debe ser interpretada como asesoramiento legal. Para m\u00e1s detalles sobre la informaci\u00f3n requerida para notificaciones DMCA v\u00e1lidas, consulte 17 U.S.C. 512(c)(3).<\/p>\n<p>&nbsp;<\/p>\n<p>Fecha de \u00faltima revisi\u00f3n: 4 de junio de 2019<\/p>\n<p>[\/et_pb_text][\/et_pb_column][\/et_pb_row][\/et_pb_section]<\/p>\n","protected":false},"excerpt":{"rendered":"<p>Pol\u00edtica DMCA Panorama Consulting Group y este sitio web respetan la propiedad intelectual de otros. Si cree que su trabajo con derechos de autor ha sido copiado de una manera que constituye una infracci\u00f3n de derechos de autor y est\u00e1 accesible en este sitio, puede notificar a nuestro agente de derechos de autor, como se [&hellip;]<\/p>\n","protected":false},"author":308,"featured_media":0,"parent":260485,"menu_order":0,"comment_status":"closed","ping_status":"closed","template":"","meta":{"_acf_changed":false,"_et_pb_use_builder":"on","_et_pb_old_content":"<strong>DMCA Policy<\/strong>\r\n\r\nPanorama Consulting Solutions, LLC and this website respects the intellectual property of others.\r\n\r\nIf you believe that your copyrighted work has been copied in a way that constitutes copyright infringement and is accessible on this site, you may notify our copyright agent, as set forth in the Digital Millennium Copyright Act of 1998 (DMCA). For your complaint to be valid under the DMCA, please provide us with the following information when providing notice of the claimed copyright infringement:\r\n\r\n1.) A physical or electronic signature of a person authorized to act on behalf of the copyright owner\r\n\r\n2.) Identification of the copyrighted work claimed to have been infringed\r\n\r\n3.)\u00a0Identification of the material that is claimed to be infringing or to be the subject of the infringing activity and that is to be removed\r\n\r\n4.) Information reasonably sufficient to permit the service provider to contact the complaining party, such as an address, telephone number, and, if available, an electronic mail address\r\n\r\n5.) A statement that the complaining party \"in good faith believes that use of the material in the manner complained of is not authorized by the copyright owner, its agent, or law\"\r\n\r\n6.) A statement that the \"information in the notification is accurate\", and \"under penalty of perjury, the complaining party is authorized to act on behalf of the owner of an exclusive right that is allegedly infringed\"\r\n\r\nThe above information must be submitted as a written or emailed notification to the following Designated Agent:\r\n\r\n\u00a0\r\n\r\nPanorama Consulting Solutions, LLC\r\n\r\nAttn: Legal Department\r\n\r\n5975 South Quebec Street, Suite 207\r\n\r\nGreenwood Village, CO\u00a0 80111\r\n\r\nEmail: <a href=\"mailto:legal@panorama-consulting.com\">legal@panorama-consulting.com<\/a>\r\n\r\n\u00a0\r\n\r\nWarning - UNDER FEDERAL LAW, IF YOU KNOWINGLY MISREPRESENT THAT ONLINE MATERIAL IS INFRINGING, YOU MAY BE SUBJECT TO HEAVY CIVIL PENALTIES. THESE INCLUDE MONETARY DAMAGES, COURT COSTS, AND ATTORNEYS\u2019 FEES INCURRED BY US, BY ANY COPYRIGHT OWNER, OR BY ANY COPYRIGHT OWNER\u2019S LICENSEE THAT IS INJURED AS A RESULT OF OUR RELYING UPON YOUR MISREPRESENTATION. YOU MAY ALSO BE SUBJECT TO CRIMINAL PROSECUTION FOR PERJURY.\r\n\r\nThis information should not be construed as legal advice. For further details on the information required for valid DMCA notifications, see 17 U.S.C. 512(c)(3).\r\n\r\n\u00a0\r\n\r\nDate last revised: February 13, 2018","_et_gb_content_width":"","inline_featured_image":false,"footnotes":""},"class_list":["post-260494","page","type-page","status-publish","hentry"],"acf":[],"jetpack_sharing_enabled":true,"_links":{"self":[{"href":"https:\/\/www.panorama-consulting.com\/es\/wp-json\/wp\/v2\/pages\/260494","targetHints":{"allow":["GET"]}}],"collection":[{"href":"https:\/\/www.panorama-consulting.com\/es\/wp-json\/wp\/v2\/pages"}],"about":[{"href":"https:\/\/www.panorama-consulting.com\/es\/wp-json\/wp\/v2\/types\/page"}],"author":[{"embeddable":true,"href":"https:\/\/www.panorama-consulting.com\/es\/wp-json\/wp\/v2\/users\/308"}],"replies":[{"embeddable":true,"href":"https:\/\/www.panorama-consulting.com\/es\/wp-json\/wp\/v2\/comments?post=260494"}],"version-history":[{"count":0,"href":"https:\/\/www.panorama-consulting.com\/es\/wp-json\/wp\/v2\/pages\/260494\/revisions"}],"up":[{"embeddable":true,"href":"https:\/\/www.panorama-consulting.com\/es\/wp-json\/wp\/v2\/pages\/260485"}],"wp:attachment":[{"href":"https:\/\/www.panorama-consulting.com\/es\/wp-json\/wp\/v2\/media?parent=260494"}],"curies":[{"name":"wp","href":"https:\/\/api.w.org\/{rel}","templated":true}]}}