{"id":260491,"date":"2018-02-13T16:06:36","date_gmt":"2018-02-13T23:06:36","guid":{"rendered":"https:\/\/www.panorama-consulting.com\/company\/anti-spam-policy\/"},"modified":"2023-06-14T14:23:00","modified_gmt":"2023-06-14T20:23:00","slug":"politica-anti-spam","status":"publish","type":"page","link":"https:\/\/www.panorama-consulting.com\/es\/compania\/politica-anti-spam\/","title":{"rendered":"Pol\u00edtica Anti-Spam"},"content":{"rendered":"<p>[et_pb_section fb_built=\u00bb1&#8243; admin_label=\u00bbPage Header Blue\u00bb _builder_version=\u00bb4.18.0&#8243; _module_preset=\u00bbdefault\u00bb background_color=\u00bb#ffffff\u00bb width=\u00bb82%\u00bb module_alignment=\u00bbcenter\u00bb custom_margin=\u00bb15px||15px||true|false\u00bb custom_padding=\u00bb17px||17px||true|false\u00bb saved_tabs=\u00bball\u00bb locked=\u00bboff\u00bb collapsed=\u00bboff\u00bb global_colors_info=\u00bb{}\u00bb][et_pb_row module_class=\u00bb et_pb_row_fullwidth et_pb_row_fullwidth et_pb_row_fullwidth et_pb_row_fullwidth et_pb_row_fullwidth et_pb_row_fullwidth et_pb_row_fullwidth et_pb_row_fullwidth et_pb_row_fullwidth et_pb_row_fullwidth et_pb_row_fullwidth et_pb_row_fullwidth et_pb_row_fullwidth et_pb_row_fullwidth et_pb_row_fullwidth et_pb_row_fullwidth et_pb_row_fullwidth et_pb_row_fullwidth et_pb_row_fullwidth et_pb_row_fullwidth et_pb_row_fullwidth et_pb_row_fullwidth et_pb_row_fullwidth et_pb_row_fullwidth et_pb_row_fullwidth et_pb_row_fullwidth et_pb_row_fullwidth et_pb_row_fullwidth et_pb_row_fullwidth et_pb_row_fullwidth et_pb_row_fullwidth et_pb_row_fullwidth et_pb_row_fullwidth et_pb_row_fullwidth et_pb_row_fullwidth et_pb_row_fullwidth et_pb_row_fullwidth et_pb_row_fullwidth et_pb_row_fullwidth et_pb_row_fullwidth et_pb_row_fullwidth et_pb_row_fullwidth et_pb_row_fullwidth et_pb_row_fullwidth et_pb_row_fullwidth et_pb_row_fullwidth et_pb_row_fullwidth et_pb_row_fullwidth et_pb_row_fullwidth et_pb_row_fullwidth et_pb_row_fullwidth et_pb_row_fullwidth et_pb_row_fullwidth et_pb_row_fullwidth et_pb_row_fullwidth\u00bb _builder_version=\u00bb4.18.0&#8243; background_size=\u00bbinitial\u00bb background_position=\u00bbtop_left\u00bb background_repeat=\u00bbrepeat\u00bb width=\u00bb89%\u00bb width_tablet=\u00bb80%\u00bb width_phone=\u00bb\u00bb width_last_edited=\u00bbon|desktop\u00bb max_width=\u00bb89%\u00bb max_width_tablet=\u00bb80%\u00bb max_width_phone=\u00bb\u00bb max_width_last_edited=\u00bbon|desktop\u00bb custom_margin=\u00bb0px||0px||true\u00bb custom_padding=\u00bb0px|20px|0px|20px|true|true\u00bb make_fullwidth=\u00bbon\u00bb global_colors_info=\u00bb{}\u00bb][et_pb_column type=\u00bb4_4&#8243; _builder_version=\u00bb4.16&#8243; custom_padding=\u00bb|||\u00bb global_colors_info=\u00bb{}\u00bb custom_padding__hover=\u00bb|||\u00bb][et_pb_post_title meta=\u00bboff\u00bb featured_image=\u00bboff\u00bb admin_label=\u00bbPost Title\u00bb _builder_version=\u00bb4.18.0&#8243; _module_preset=\u00bbdefault\u00bb title_font=\u00bb|300|||||||\u00bb title_text_align=\u00bbcenter\u00bb title_line_height=\u00bb1.3em\u00bb global_colors_info=\u00bb{}\u00bb][\/et_pb_post_title][\/et_pb_column][\/et_pb_row][\/et_pb_section][et_pb_section fb_built=\u00bb1&#8243; admin_label=\u00bbsection\u00bb _builder_version=\u00bb4.16&#8243; global_colors_info=\u00bb{}\u00bb][et_pb_row admin_label=\u00bbrow\u00bb _builder_version=\u00bb4.16&#8243; background_size=\u00bbinitial\u00bb background_position=\u00bbtop_left\u00bb background_repeat=\u00bbrepeat\u00bb global_colors_info=\u00bb{}\u00bb][et_pb_column type=\u00bb4_4&#8243; _builder_version=\u00bb4.16&#8243; custom_padding=\u00bb|||\u00bb global_colors_info=\u00bb{}\u00bb custom_padding__hover=\u00bb|||\u00bb][et_pb_text admin_label=\u00bbText\u00bb _builder_version=\u00bb4.21.0&#8243; background_size=\u00bbinitial\u00bb background_position=\u00bbtop_left\u00bb background_repeat=\u00bbrepeat\u00bb global_colors_info=\u00bb{}\u00bb]<\/p>\n<p><strong>Pol\u00edtica Anti-Spam<\/strong><\/p>\n<p>Panorama Consulting Group (\u00abPanorama\u00bb) trabaja arduamente para apoyar el comercio responsable en Internet, y estos esfuerzos incluyen hacer todo lo posible para combatir el \u00abspam\u00bb -un t\u00e9rmino coloquial que se refiere al env\u00edo de correo electr\u00f3nico no solicitado, mensajes instant\u00e1neos u otra comunicaci\u00f3n a un gran grupo de personas a la vez. Las variaciones del \u00abspam\u00bb pueden incluir mensajes promocionales fuera de tema en tableros de anuncios, libros de visitas, grupos de noticias de Usenet o salas de chat.<\/p>\n<p>El spam est\u00e1 estrictamente prohibido por las pol\u00edticas y t\u00e9rminos de servicio de Panorama, y resultar\u00e1 en la inmediata desactivaci\u00f3n de cualquier socio que se encuentre que haya utilizado spam en relaci\u00f3n con sus acuerdos publicitarios de Panorama.<\/p>\n<p>La siguiente pol\u00edtica dicta en t\u00e9rminos espec\u00edficos lo que se considera un uso aceptable de correo electr\u00f3nico\/mensajer\u00eda masiva por parte de Panorama:<\/p>\n<p>&nbsp;<\/p>\n<p><strong><u>Suscripciones<\/u><\/strong><\/p>\n<p>La informaci\u00f3n del suscriptor de la lista de correo debe incluir la fecha y hora en que se confirm\u00f3 la suscripci\u00f3n, as\u00ed como la direcci\u00f3n IP del suscriptor en el momento de la confirmaci\u00f3n. El usuario debe ser capaz de presentar esta informaci\u00f3n a solicitud de Panorama.<\/p>\n<p>La naturaleza del uso de la direcci\u00f3n de correo electr\u00f3nico debe ser plenamente revelada, ya sea en la p\u00e1gina donde se realiza la suscripci\u00f3n o con un enlace prominente a la pol\u00edtica de privacidad del sitio. Debe quedar razonablemente claro c\u00f3mo se utilizar\u00e1 la direcci\u00f3n de correo electr\u00f3nico de un usuario y en qu\u00e9 circunstancias se compartir\u00e1.<\/p>\n<p>Las listas no pueden ser adquiridas de partes externas a menos que el remitente del correo electr\u00f3nico haya adquirido una lista de una organizaci\u00f3n que vende o comparte listas de distribuci\u00f3n de correo electr\u00f3nico, y se cumplan todas las siguientes condiciones:<\/p>\n<p>1.) La organizaci\u00f3n vendedora mantiene una pol\u00edtica de privacidad p\u00fablicamente visible que revela que tales ventas pueden ocurrir.<\/p>\n<p>2.) La pol\u00edtica de privacidad est\u00e1 enlazada de manera prominente a la p\u00e1gina desde la que el usuario se suscribi\u00f3.<\/p>\n<p>3.) La pol\u00edtica de privacidad no ha cambiado sustancialmente desde que el usuario se suscribi\u00f3.<\/p>\n<p>4.) Se llevan registros de la fecha, hora, direcci\u00f3n IP y ubicaci\u00f3n del formulario donde el usuario se suscribi\u00f3.<\/p>\n<p>5.) Las listas adquiridas de partes externas deben haber sido manejadas consistentemente de manera comparable a las pol\u00edticas de Panorama.<\/p>\n<p>6.) Los usuarios no pueden poblar las listas con direcciones obtenidas para un prop\u00f3sito sustancialmente diferente al que se revel\u00f3 originalmente a los usuarios.<\/p>\n<p>&nbsp;<\/p>\n<p><strong><u>Pr\u00e1cticas de Correo<\/u><\/strong><\/p>\n<p>&nbsp;<\/p>\n<p>1.) Los socios\/vendedores preferidos no deben modificar las cabeceras de ning\u00fan mensaje de tal manera que obstruya intencionalmente el origen del mensaje.<\/p>\n<p>2.) Las direcciones no entregables deben ser eliminadas de todos los env\u00edos futuros despu\u00e9s de no m\u00e1s de 5 rechazos.<\/p>\n<p>3.) Los socios\/vendedores preferidos son responsables de las pr\u00e1cticas de cualquier miembro del programa de afiliados con los que trabajen, como si estuvieran contratando a una agencia de publicidad externa.<\/p>\n<p>4.) Los socios\/vendedores preferidos que usan compa\u00f1\u00edas publicitarias externas o programas de correo de terceros deben cumplir con las mismas pol\u00edticas y pr\u00e1cticas que aquellos que usan las herramientas de lista de correo masivo propias de Panorama.<\/p>\n<p>5.) Todos los correos deben proporcionar instrucciones claras y sencillas para seguir el proceso de exclusi\u00f3n de futuros correos, y deben hacer todos los intentos razonables para facilitar la eliminaci\u00f3n de un suscriptor de la lista de correos a solicitud del mismo.<\/p>\n<p>Se informa y se reconoce al usuario de este sitio web que el equipo de correo electr\u00f3nico de Panorama puede estar ubicado en California. En ning\u00fan caso el usuario debe usar el equipo de Panorama en violaci\u00f3n de las leyes contra el correo no deseado de California, incluidas las secciones 17538.4 y 17538.45 del C\u00f3digo de Negocios y Profesiones de California.<\/p>\n<p>&nbsp;<\/p>\n<p><strong><u>Otros<\/u><\/strong><\/p>\n<p>&nbsp;<\/p>\n<p>Los mensajes predominantemente promocionales no deben publicarse en tableros de anuncios, foros de discusi\u00f3n, libros de visitas, grupos de noticias de Usenet o cualquier otro servicio similar a menos que el operador de dicho servicio permita expl\u00edcitamente tales mensajes. En el caso de los grupos de noticias de Usenet, dichos mensajes deben permitirse espec\u00edficamente en la carta de ese grupo.<\/p>\n<p>&nbsp;<\/p>\n<p><strong><u>Desactivaci\u00f3n<\/u><\/strong><\/p>\n<p>&nbsp;<\/p>\n<p>Panorama Consulting Group se reserva el derecho de cancelar un acuerdo de servicios de marketing en cualquier momento si considera que hay una sospecha razonable de que un socio de marketing est\u00e1 violando estas pol\u00edticas y \/ o est\u00e1 involucrado en la pr\u00e1ctica de correo no deseado. Siguiendo estas pautas y respetando la privacidad de sus visitantes, puede obtener mucho de la pr\u00e1ctica responsable del comercio en l\u00ednea. Por supuesto, si tiene alguna pregunta sobre la forma adecuada de usar el correo electr\u00f3nico masivo con su sitio web, comun\u00edquese con nosotros en la informaci\u00f3n de contacto a continuaci\u00f3n para obtener m\u00e1s informaci\u00f3n:<\/p>\n<p>&nbsp;<\/p>\n<p>Panorama Consulting Group<\/p>\n<p>P.O. Box 3488<\/p>\n<p>Englewood, CO\u00a0 80155<\/p>\n<p>Tel\u00e9fono:\u00a0+1 720-515-1377<\/p>\n<p>Correo Electr\u00f3nico <a href=\"mailto:legal@panorama-consulting.com\">legal@panorama-consulting.com<\/a><\/p>\n<p>&nbsp;<\/p>\n<p>Fecha de \u00faltima revisi\u00f3n: 04 de junio de 2019<\/p>\n<p>[\/et_pb_text][\/et_pb_column][\/et_pb_row][\/et_pb_section]<\/p>\n","protected":false},"excerpt":{"rendered":"<p>Pol\u00edtica Anti-Spam Panorama Consulting Group (\u00abPanorama\u00bb) trabaja arduamente para apoyar el comercio responsable en Internet, y estos esfuerzos incluyen hacer todo lo posible para combatir el \u00abspam\u00bb -un t\u00e9rmino coloquial que se refiere al env\u00edo de correo electr\u00f3nico no solicitado, mensajes instant\u00e1neos u otra comunicaci\u00f3n a un gran grupo de personas a la vez. Las [&hellip;]<\/p>\n","protected":false},"author":308,"featured_media":0,"parent":260485,"menu_order":0,"comment_status":"closed","ping_status":"closed","template":"","meta":{"_acf_changed":false,"_et_pb_use_builder":"on","_et_pb_old_content":"<strong>Anti-Spam Policy<\/strong>\r\n\r\nPanorama Consulting Solutions, LLC (\"Panorama\") works hard to support responsible commerce on the Internet, and these efforts include doing everything we can to combat \"spam\" - a slang term that refers to the sending of unsolicited email, instant messaging or other communication to a large group of people at once. \"Spam\" variations can include off-topic, promotional messages on bulletin boards, guestbooks, Usenet newsgroups, or chat rooms.\r\n\r\nSpam is strictly against Panorama policies and Terms of Service, and will result in the immediate disablement of any partners who are found to have used spam in conjunction with their Panorama advertising agreements.\r\n\r\nThe following policy dictates in specific terms what is considered acceptable use of bulk email\/messaging by Panorama:\r\n\r\n\u00a0\r\n\r\n<strong><u>Subscriptions<\/u><\/strong>\r\n\r\nMailing list subscriber information must include the date and time that the subscription was confirmed, as well as the IP address of the subscriber at the time of the confirmation. The user must be able to present this information at Panorama\u2019s request.\r\n\r\nThe nature of email address use must be fully disclosed, either on the page the subscription is made from or with a prominent link to the site\u2019s privacy policy. It must be made reasonably clear how a user\u2019s email address will be used and in what circumstances it will be shared.\r\n\r\nLists cannot be procured from outside parties unless the email sender has procured a list from an organization that sells or otherwise shares email distribution lists, and all of the following conditions are met:\r\n\r\n1.) The selling organization maintains a publicly viewable privacy policy disclosing that such sales may occur.\r\n\r\n2.) The privacy policy is prominently linked to the page from which the user subscribed.\r\n\r\n3.) The privacy policy has not changed substantially since the user subscribed.\r\n\r\n4.) Records are kept of the date, time, IP address, and form location where user subscribed.\r\n\r\n5.) Lists procured from outside parties must have been consistently handled in a manner comparable to Panorama 's policies.\r\n\r\n6.) Users cannot populate lists with addresses obtained for a substantially different purpose than was originally disclosed to the user.\r\n\r\n\u00a0\r\n\r\n<strong><u>Mailing Practices<\/u><\/strong>\r\n\r\n\u00a0\r\n\r\n1.) Preferred partners\/vendors must not modify the headers of any message in such a way that purposefully obfuscates the origin of the message.\r\n\r\n2.) Undeliverable addresses must be removed from all future mailings after no more than 5 bounces.\r\n\r\n3.) Preferred partners\/vendors are responsible for the practices of any affiliate program members they work with, as if they were hiring an outside advertising agency.\r\n\r\n4.) Preferred partners\/vendors using either outside advertising companies or third-party mailing programs must abide by the same policies and practices as those using Panorama\u2019s own bulk mailing list tools.\r\n\r\n5.) All mailings must provide clear and simple to follow instructions for opting-out of future mailings, and all reasonable attempts must be made to facilitate the removal of a mailing list subscriber at their request.\r\n\r\nThe user of this website is advised and acknowledges that Panorama\u2019s electronic mail service equipment may be located in California. In no event shall the user use Panorama\u2019s equipment in violation of California\u2019s anti-spam laws including California Business & Professions Code sections 17538.4 and 17538.45.\r\n\r\n\u00a0\r\n\r\n<strong><u>Other<\/u><\/strong>\r\n\r\n\u00a0\r\n\r\nPredominately promotional messages must not be posted to bulletin boards, discussion forums, guestbooks, Usenet newsgroups, or any other similar service unless the operator of that service explicitly allows such messages. In the case of Usenet newsgroups, such messages must be specifically allowed in that group\u2019s charter.\r\n\r\n\u00a0\r\n\r\n<strong><u>Disablement<\/u><\/strong>\r\n\r\n\u00a0\r\n\r\nPanorama Consulting Solutions, LLC reserves the right to cancel a marketing services agreement at any time should it feel there is a reasonable suspicion that a marketing partner is in violation of these policies and \/ or engaged in the practice of spamming. By following these guidelines and respecting the privacy of your visitors, you can gain much from the responsible practice of commerce online. Of course, should you have any questions regarding the proper way to use bulk email with your web-site, please reach out to us at our contact information below for more information:\r\n\r\n\u00a0\r\n\r\nPanorama Consulting Solutions, LLC\r\n\r\n5975 South Quebec Street, Suite 207\r\n\r\nGreenwood Village, CO\u00a0 80111\r\n\r\nTelephone:\u00a0+1 720-515-1377\r\n\r\nEmail: <a href=\"mailto:legal@panorama-consulting.com\">legal@panorama-consulting.com<\/a>\r\n\r\n\u00a0\r\n\r\nDate last revised: February 13, 2018","_et_gb_content_width":"","inline_featured_image":false,"footnotes":""},"class_list":["post-260491","page","type-page","status-publish","hentry"],"acf":[],"jetpack_sharing_enabled":true,"_links":{"self":[{"href":"https:\/\/www.panorama-consulting.com\/es\/wp-json\/wp\/v2\/pages\/260491","targetHints":{"allow":["GET"]}}],"collection":[{"href":"https:\/\/www.panorama-consulting.com\/es\/wp-json\/wp\/v2\/pages"}],"about":[{"href":"https:\/\/www.panorama-consulting.com\/es\/wp-json\/wp\/v2\/types\/page"}],"author":[{"embeddable":true,"href":"https:\/\/www.panorama-consulting.com\/es\/wp-json\/wp\/v2\/users\/308"}],"replies":[{"embeddable":true,"href":"https:\/\/www.panorama-consulting.com\/es\/wp-json\/wp\/v2\/comments?post=260491"}],"version-history":[{"count":0,"href":"https:\/\/www.panorama-consulting.com\/es\/wp-json\/wp\/v2\/pages\/260491\/revisions"}],"up":[{"embeddable":true,"href":"https:\/\/www.panorama-consulting.com\/es\/wp-json\/wp\/v2\/pages\/260485"}],"wp:attachment":[{"href":"https:\/\/www.panorama-consulting.com\/es\/wp-json\/wp\/v2\/media?parent=260491"}],"curies":[{"name":"wp","href":"https:\/\/api.w.org\/{rel}","templated":true}]}}